{"id":681,"date":"2021-02-10T11:51:38","date_gmt":"2021-02-10T10:51:38","guid":{"rendered":"https:\/\/association-trophee-dragster.com\/?page_id=681"},"modified":"2025-08-02T09:34:15","modified_gmt":"2025-08-02T07:34:15","slug":"classement","status":"publish","type":"page","link":"https:\/\/association-trophee-dragster.com\/en\/trophee-2\/classement\/","title":{"rendered":"Ranking"},"content":{"rendered":"<div data-elementor-type=\"wp-page\" data-elementor-id=\"681\" class=\"elementor elementor-681\" data-elementor-post-type=\"page\">\n\t\t\t\t\t\t<section class=\"elementor-section elementor-top-section elementor-element elementor-element-zmkisfp elementor-section-boxed elementor-section-height-default elementor-section-height-default\" data-id=\"zmkisfp\" data-element_type=\"section\" data-e-type=\"section\" data-settings=\"{&quot;background_background&quot;:&quot;classic&quot;}\">\n\t\t\t\t\t\t\t<div class=\"elementor-background-overlay\"><\/div>\n\t\t\t\t\t\t\t<div class=\"elementor-container elementor-column-gap-default\">\n\t\t\t\t\t<div class=\"elementor-column elementor-col-100 elementor-top-column elementor-element elementor-element-oexsiwn\" data-id=\"oexsiwn\" data-element_type=\"column\" data-e-type=\"column\">\n\t\t\t<div class=\"elementor-widget-wrap elementor-element-populated\">\n\t\t\t\t\t\t<div class=\"elementor-element elementor-element-p5cs9oh elementor-widget elementor-widget-heading\" data-id=\"p5cs9oh\" data-element_type=\"widget\" data-e-type=\"widget\" data-widget_type=\"heading.default\">\n\t\t\t\t<div class=\"elementor-widget-container\">\n\t\t\t\t\t<h2 class=\"elementor-heading-title elementor-size-default\">2025 Trophy<\/h2>\t\t\t\t<\/div>\n\t\t\t\t<\/div>\n\t\t\t\t<div class=\"elementor-element elementor-element-o1hzh7z elementor-widget elementor-widget-text-editor\" data-id=\"o1hzh7z\" data-element_type=\"widget\" data-e-type=\"widget\" data-widget_type=\"text-editor.default\">\n\t\t\t\t<div class=\"elementor-widget-container\">\n\t\t\t\t\t\t\t\t\t<p>Ranking<\/p>\t\t\t\t\t\t\t\t<\/div>\n\t\t\t\t<\/div>\n\t\t\t\t\t<\/div>\n\t\t<\/div>\n\t\t\t\t\t<\/div>\n\t\t<\/section>\n\t\t\t\t<section class=\"elementor-section elementor-top-section elementor-element elementor-element-d1e5eab elementor-section-boxed elementor-section-height-default elementor-section-height-default\" data-id=\"d1e5eab\" data-element_type=\"section\" data-e-type=\"section\">\n\t\t\t\t\t\t<div class=\"elementor-container elementor-column-gap-default\">\n\t\t\t\t\t<div class=\"elementor-column elementor-col-100 elementor-top-column elementor-element elementor-element-9df4846\" data-id=\"9df4846\" data-element_type=\"column\" data-e-type=\"column\">\n\t\t\t<div class=\"elementor-widget-wrap elementor-element-populated\">\n\t\t\t\t\t\t<div class=\"elementor-element elementor-element-a5b9b75 elementor-widget elementor-widget-image\" data-id=\"a5b9b75\" data-element_type=\"widget\" data-e-type=\"widget\" data-widget_type=\"image.default\">\n\t\t\t\t<div class=\"elementor-widget-container\">\n\t\t\t\t\t\t\t\t\t\t\t\t\t\t\t<img fetchpriority=\"high\" decoding=\"async\" width=\"724\" height=\"1024\" src=\"https:\/\/association-trophee-dragster.com\/wp-content\/uploads\/2025\/06\/affiche_classement_2025-724x1024.jpg\" class=\"attachment-large size-large wp-image-4577\" alt=\"\" srcset=\"https:\/\/association-trophee-dragster.com\/wp-content\/uploads\/2025\/06\/affiche_classement_2025-724x1024.jpg 724w, https:\/\/association-trophee-dragster.com\/wp-content\/uploads\/2025\/06\/affiche_classement_2025-212x300.jpg 212w, https:\/\/association-trophee-dragster.com\/wp-content\/uploads\/2025\/06\/affiche_classement_2025-768x1087.jpg 768w, https:\/\/association-trophee-dragster.com\/wp-content\/uploads\/2025\/06\/affiche_classement_2025-1085x1536.jpg 1085w, https:\/\/association-trophee-dragster.com\/wp-content\/uploads\/2025\/06\/affiche_classement_2025-8x12.jpg 8w, https:\/\/association-trophee-dragster.com\/wp-content\/uploads\/2025\/06\/affiche_classement_2025.jpg 1190w\" sizes=\"(max-width: 724px) 100vw, 724px\" \/>\t\t\t\t\t\t\t\t\t\t\t\t\t\t\t<\/div>\n\t\t\t\t<\/div>\n\t\t\t\t\t<\/div>\n\t\t<\/div>\n\t\t\t\t\t<\/div>\n\t\t<\/section>\n\t\t\t\t<section class=\"elementor-section elementor-top-section elementor-element elementor-element-1f9823c elementor-hidden-desktop elementor-hidden-tablet elementor-hidden-mobile elementor-section-boxed elementor-section-height-default elementor-section-height-default\" data-id=\"1f9823c\" data-element_type=\"section\" data-e-type=\"section\">\n\t\t\t\t\t\t<div class=\"elementor-container elementor-column-gap-default\">\n\t\t\t\t\t<div class=\"elementor-column elementor-col-100 elementor-top-column elementor-element elementor-element-886268d\" data-id=\"886268d\" data-element_type=\"column\" data-e-type=\"column\">\n\t\t\t<div class=\"elementor-widget-wrap elementor-element-populated\">\n\t\t\t\t\t\t<div class=\"elementor-element elementor-element-d317228 elementor-widget elementor-widget-heading\" data-id=\"d317228\" data-element_type=\"widget\" data-e-type=\"widget\" data-widget_type=\"heading.default\">\n\t\t\t\t<div class=\"elementor-widget-container\">\n\t\t\t\t\t<h2 class=\"elementor-heading-title elementor-size-default\">Not so fast...<\/h2>\t\t\t\t<\/div>\n\t\t\t\t<\/div>\n\t\t\t\t<div class=\"elementor-element elementor-element-71de585 elementor-widget elementor-widget-text-editor\" data-id=\"71de585\" data-element_type=\"widget\" data-e-type=\"widget\" data-widget_type=\"text-editor.default\">\n\t\t\t\t<div class=\"elementor-widget-container\">\n\t\t\t\t\t\t\t\t\t<p style=\"text-align: center;\">The season hasn't started yet!<\/p>\t\t\t\t\t\t\t\t<\/div>\n\t\t\t\t<\/div>\n\t\t\t\t\t<\/div>\n\t\t<\/div>\n\t\t\t\t\t<\/div>\n\t\t<\/section>\n\t\t\t\t<section class=\"elementor-section elementor-top-section elementor-element elementor-element-dfeb3af elementor-section-boxed elementor-section-height-default elementor-section-height-default\" data-id=\"dfeb3af\" data-element_type=\"section\" data-e-type=\"section\">\n\t\t\t\t\t\t<div class=\"elementor-container elementor-column-gap-default\">\n\t\t\t\t\t<div class=\"elementor-column elementor-col-100 elementor-top-column elementor-element elementor-element-e241134\" data-id=\"e241134\" data-element_type=\"column\" data-e-type=\"column\">\n\t\t\t<div class=\"elementor-widget-wrap elementor-element-populated\">\n\t\t\t\t\t\t<div class=\"elementor-element elementor-element-50df316 elementor-widget-divider--view-line elementor-widget elementor-widget-divider\" data-id=\"50df316\" data-element_type=\"widget\" data-e-type=\"widget\" data-widget_type=\"divider.default\">\n\t\t\t\t<div class=\"elementor-widget-container\">\n\t\t\t\t\t\t\t<div class=\"elementor-divider\">\n\t\t\t<span class=\"elementor-divider-separator\">\n\t\t\t\t\t\t<\/span>\n\t\t<\/div>\n\t\t\t\t\t\t<\/div>\n\t\t\t\t<\/div>\n\t\t\t\t<div class=\"elementor-element elementor-element-b31e09f elementor-widget elementor-widget-pdfjs_viewer\" data-id=\"b31e09f\" data-element_type=\"widget\" data-e-type=\"widget\" data-widget_type=\"pdfjs_viewer.default\">\n\t\t\t\t<div class=\"elementor-widget-container\">\n\t\t\t\t\t<iframe src=\"https:\/\/association-trophee-dragster.com\/wp-content\/plugins\/pdf-viewer-for-elementor\/assets\/pdfjs\/web\/viewer.html?file=https:\/\/association-trophee-dragster.com\/wp-content\/uploads\/2025\/08\/28-classement-Super_Pro_ET.pdf&amp;embedded=true\" style=\"display: block; margin-left: auto; margin-right: auto; width: 900px; height: 520px;\" frameborder=\"1\" marginheight=\"0px\" marginwidth=\"0px\" allowfullscreen><\/iframe>\t\t\t\t<\/div>\n\t\t\t\t<\/div>\n\t\t\t\t<div class=\"elementor-element elementor-element-fc72cb7 elementor-widget elementor-widget-pdfjs_viewer\" data-id=\"fc72cb7\" data-element_type=\"widget\" data-e-type=\"widget\" data-widget_type=\"pdfjs_viewer.default\">\n\t\t\t\t<div class=\"elementor-widget-container\">\n\t\t\t\t\t<iframe src=\"https:\/\/association-trophee-dragster.com\/wp-content\/plugins\/pdf-viewer-for-elementor\/assets\/pdfjs\/web\/viewer.html?file=https:\/\/association-trophee-dragster.com\/wp-content\/uploads\/2025\/08\/28-classement-Pro_ET.pdf&amp;embedded=true\" style=\"display: block; margin-left: auto; margin-right: auto; width: 900px; height: 510px;\" frameborder=\"1\" marginheight=\"0px\" marginwidth=\"0px\" allowfullscreen><\/iframe>\t\t\t\t<\/div>\n\t\t\t\t<\/div>\n\t\t\t\t<div class=\"elementor-element elementor-element-e8c2319 elementor-widget elementor-widget-pdfjs_viewer\" data-id=\"e8c2319\" data-element_type=\"widget\" data-e-type=\"widget\" data-widget_type=\"pdfjs_viewer.default\">\n\t\t\t\t<div class=\"elementor-widget-container\">\n\t\t\t\t\t<iframe src=\"https:\/\/association-trophee-dragster.com\/wp-content\/plugins\/pdf-viewer-for-elementor\/assets\/pdfjs\/web\/viewer.html?file=https:\/\/association-trophee-dragster.com\/wp-content\/uploads\/2025\/08\/28-classement-Street_Run.pdf&amp;embedded=true\" style=\"display: block; margin-left: auto; margin-right: auto; width: 900px; height: 400px;\" frameborder=\"1\" marginheight=\"0px\" marginwidth=\"0px\" allowfullscreen><\/iframe>\t\t\t\t<\/div>\n\t\t\t\t<\/div>\n\t\t\t\t<div class=\"elementor-element elementor-element-286daaf elementor-widget elementor-widget-pdfjs_viewer\" data-id=\"286daaf\" data-element_type=\"widget\" data-e-type=\"widget\" data-widget_type=\"pdfjs_viewer.default\">\n\t\t\t\t<div class=\"elementor-widget-container\">\n\t\t\t\t\t<iframe src=\"https:\/\/association-trophee-dragster.com\/wp-content\/plugins\/pdf-viewer-for-elementor\/assets\/pdfjs\/web\/viewer.html?file=https:\/\/association-trophee-dragster.com\/wp-content\/uploads\/2025\/08\/28-classement-Junior.pdf&amp;embedded=true\" style=\"display: block; margin-left: auto; margin-right: auto; width: 900px; height: 350px;\" frameborder=\"1\" marginheight=\"0px\" marginwidth=\"0px\" allowfullscreen><\/iframe>\t\t\t\t<\/div>\n\t\t\t\t<\/div>\n\t\t\t\t<div class=\"elementor-element elementor-element-03271a8 elementor-widget elementor-widget-pdfjs_viewer\" data-id=\"03271a8\" data-element_type=\"widget\" data-e-type=\"widget\" data-widget_type=\"pdfjs_viewer.default\">\n\t\t\t\t<div class=\"elementor-widget-container\">\n\t\t\t\t\t<iframe src=\"https:\/\/association-trophee-dragster.com\/wp-content\/plugins\/pdf-viewer-for-elementor\/assets\/pdfjs\/web\/viewer.html?file=https:\/\/association-trophee-dragster.com\/wp-content\/uploads\/2025\/08\/28-classement-Super_Comp.pdf&amp;embedded=true\" style=\"display: block; margin-left: auto; margin-right: auto; width: 900px; height: 270px;\" frameborder=\"1\" marginheight=\"0px\" marginwidth=\"0px\" allowfullscreen><\/iframe>\t\t\t\t<\/div>\n\t\t\t\t<\/div>\n\t\t\t\t<div class=\"elementor-element elementor-element-8e8ae61 elementor-widget elementor-widget-pdfjs_viewer\" data-id=\"8e8ae61\" data-element_type=\"widget\" data-e-type=\"widget\" data-widget_type=\"pdfjs_viewer.default\">\n\t\t\t\t<div class=\"elementor-widget-container\">\n\t\t\t\t\t<iframe src=\"https:\/\/association-trophee-dragster.com\/wp-content\/plugins\/pdf-viewer-for-elementor\/assets\/pdfjs\/web\/viewer.html?file=https:\/\/association-trophee-dragster.com\/wp-content\/uploads\/2025\/08\/28-classement-Super_Gas.pdf&amp;embedded=true\" style=\"display: block; margin-left: auto; margin-right: auto; width: 900px; height: 240px;\" frameborder=\"1\" marginheight=\"0px\" marginwidth=\"0px\" allowfullscreen><\/iframe>\t\t\t\t<\/div>\n\t\t\t\t<\/div>\n\t\t\t\t\t<\/div>\n\t\t<\/div>\n\t\t\t\t\t<\/div>\n\t\t<\/section>\n\t\t\t\t<section class=\"elementor-section elementor-top-section elementor-element elementor-element-23f7293 elementor-section-boxed elementor-section-height-default elementor-section-height-default\" data-id=\"23f7293\" data-element_type=\"section\" data-e-type=\"section\">\n\t\t\t\t\t\t<div class=\"elementor-container elementor-column-gap-default\">\n\t\t\t\t\t<div class=\"elementor-column elementor-col-100 elementor-top-column elementor-element elementor-element-6244027\" data-id=\"6244027\" data-element_type=\"column\" data-e-type=\"column\">\n\t\t\t<div class=\"elementor-widget-wrap elementor-element-populated\">\n\t\t\t\t\t\t<div class=\"elementor-element elementor-element-a34fe9c elementor-widget elementor-widget-spacer\" data-id=\"a34fe9c\" data-element_type=\"widget\" data-e-type=\"widget\" data-widget_type=\"spacer.default\">\n\t\t\t\t<div class=\"elementor-widget-container\">\n\t\t\t\t\t\t\t<div class=\"elementor-spacer\">\n\t\t\t<div class=\"elementor-spacer-inner\"><\/div>\n\t\t<\/div>\n\t\t\t\t\t\t<\/div>\n\t\t\t\t<\/div>\n\t\t\t\t\t<\/div>\n\t\t<\/div>\n\t\t\t\t\t<\/div>\n\t\t<\/section>\n\t\t\t\t<\/div>","protected":false},"excerpt":{"rendered":"<p>Troph\u00e9e 2025 Classement Pas si vite&#8230; La saison n&rsquo;a pas encore commenc\u00e9 !<\/p>","protected":false},"author":1,"featured_media":0,"parent":675,"menu_order":0,"comment_status":"closed","ping_status":"closed","template":"","meta":{"ocean_post_layout":"full-screen","ocean_both_sidebars_style":"","ocean_both_sidebars_content_width":0,"ocean_both_sidebars_sidebars_width":0,"ocean_sidebar":"0","ocean_second_sidebar":"0","ocean_disable_margins":"on","ocean_add_body_class":"","ocean_shortcode_before_top_bar":"","ocean_shortcode_after_top_bar":"","ocean_shortcode_before_header":"","ocean_shortcode_after_header":"","ocean_has_shortcode":"","ocean_shortcode_after_title":"","ocean_shortcode_before_footer_widgets":"","ocean_shortcode_after_footer_widgets":"","ocean_shortcode_before_footer_bottom":"","ocean_shortcode_after_footer_bottom":"","ocean_display_top_bar":"default","ocean_display_header":"default","ocean_header_style":"","ocean_center_header_left_menu":"0","ocean_custom_header_template":"0","ocean_custom_logo":0,"ocean_custom_retina_logo":0,"ocean_custom_logo_max_width":0,"ocean_custom_logo_tablet_max_width":0,"ocean_custom_logo_mobile_max_width":0,"ocean_custom_logo_max_height":0,"ocean_custom_logo_tablet_max_height":0,"ocean_custom_logo_mobile_max_height":0,"ocean_header_custom_menu":"0","ocean_menu_typo_font_family":"0","ocean_menu_typo_font_subset":"","ocean_menu_typo_font_size":0,"ocean_menu_typo_font_size_tablet":0,"ocean_menu_typo_font_size_mobile":0,"ocean_menu_typo_font_size_unit":"px","ocean_menu_typo_font_weight":"","ocean_menu_typo_font_weight_tablet":"","ocean_menu_typo_font_weight_mobile":"","ocean_menu_typo_transform":"","ocean_menu_typo_transform_tablet":"","ocean_menu_typo_transform_mobile":"","ocean_menu_typo_line_height":0,"ocean_menu_typo_line_height_tablet":0,"ocean_menu_typo_line_height_mobile":0,"ocean_menu_typo_line_height_unit":"","ocean_menu_typo_spacing":0,"ocean_menu_typo_spacing_tablet":0,"ocean_menu_typo_spacing_mobile":0,"ocean_menu_typo_spacing_unit":"","ocean_menu_link_color":"","ocean_menu_link_color_hover":"","ocean_menu_link_color_active":"","ocean_menu_link_background":"","ocean_menu_link_hover_background":"","ocean_menu_link_active_background":"","ocean_menu_social_links_bg":"","ocean_menu_social_hover_links_bg":"","ocean_menu_social_links_color":"","ocean_menu_social_hover_links_color":"","ocean_disable_title":"on","ocean_disable_heading":"default","ocean_post_title":"","ocean_post_subheading":"Discover more about our story","ocean_post_title_style":"background-image","ocean_post_title_background_color":"","ocean_post_title_background":0,"ocean_post_title_bg_image_position":"","ocean_post_title_bg_image_attachment":"","ocean_post_title_bg_image_repeat":"","ocean_post_title_bg_image_size":"","ocean_post_title_height":0,"ocean_post_title_bg_overlay":0.5,"ocean_post_title_bg_overlay_color":"","ocean_disable_breadcrumbs":"default","ocean_breadcrumbs_color":"","ocean_breadcrumbs_separator_color":"","ocean_breadcrumbs_links_color":"","ocean_breadcrumbs_links_hover_color":"","ocean_display_footer_widgets":"default","ocean_display_footer_bottom":"default","ocean_custom_footer_template":"0","footnotes":""},"class_list":["post-681","page","type-page","status-publish","hentry","entry"],"yoast_head":"<!-- This site is optimized with the Yoast SEO plugin v27.4 - https:\/\/yoast.com\/product\/yoast-seo-wordpress\/ -->\n<title>Classement - Association Troph\u00e9e Dragster<\/title>\n<meta name=\"robots\" content=\"index, follow, max-snippet:-1, max-image-preview:large, max-video-preview:-1\" \/>\n<link rel=\"canonical\" href=\"https:\/\/association-trophee-dragster.com\/en\/trophee-2\/classement\/\" \/>\n<meta property=\"og:locale\" content=\"en_US\" \/>\n<meta property=\"og:type\" content=\"article\" \/>\n<meta property=\"og:title\" content=\"Classement - Association Troph\u00e9e Dragster\" \/>\n<meta property=\"og:description\" content=\"Troph\u00e9e 2025 Classement Pas si vite&#8230; La saison n&rsquo;a pas encore commenc\u00e9 !\" \/>\n<meta property=\"og:url\" content=\"https:\/\/association-trophee-dragster.com\/en\/trophee-2\/classement\/\" \/>\n<meta property=\"og:site_name\" content=\"Association Troph\u00e9e Dragster\" \/>\n<meta property=\"article:modified_time\" content=\"2025-08-02T07:34:15+00:00\" \/>\n<meta property=\"og:image\" content=\"https:\/\/association-trophee-dragster.com\/wp-content\/uploads\/2025\/06\/affiche_classement_2025.jpg\" \/>\n\t<meta property=\"og:image:width\" content=\"1190\" \/>\n\t<meta property=\"og:image:height\" content=\"1684\" \/>\n\t<meta property=\"og:image:type\" content=\"image\/jpeg\" \/>\n<meta name=\"twitter:card\" content=\"summary_large_image\" \/>\n<meta name=\"twitter:label1\" content=\"Est. reading time\" \/>\n\t<meta name=\"twitter:data1\" content=\"1 minute\" \/>\n<script type=\"application\/ld+json\" class=\"yoast-schema-graph\">{\"@context\":\"https:\\\/\\\/schema.org\",\"@graph\":[{\"@type\":\"WebPage\",\"@id\":\"https:\\\/\\\/association-trophee-dragster.com\\\/trophee-2\\\/classement\\\/\",\"url\":\"https:\\\/\\\/association-trophee-dragster.com\\\/trophee-2\\\/classement\\\/\",\"name\":\"Classement - Association Troph\u00e9e Dragster\",\"isPartOf\":{\"@id\":\"https:\\\/\\\/association-trophee-dragster.com\\\/#website\"},\"primaryImageOfPage\":{\"@id\":\"https:\\\/\\\/association-trophee-dragster.com\\\/trophee-2\\\/classement\\\/#primaryimage\"},\"image\":{\"@id\":\"https:\\\/\\\/association-trophee-dragster.com\\\/trophee-2\\\/classement\\\/#primaryimage\"},\"thumbnailUrl\":\"https:\\\/\\\/association-trophee-dragster.com\\\/wp-content\\\/uploads\\\/2025\\\/06\\\/affiche_classement_2025-724x1024.jpg\",\"datePublished\":\"2021-02-10T10:51:38+00:00\",\"dateModified\":\"2025-08-02T07:34:15+00:00\",\"breadcrumb\":{\"@id\":\"https:\\\/\\\/association-trophee-dragster.com\\\/trophee-2\\\/classement\\\/#breadcrumb\"},\"inLanguage\":\"en-US\",\"potentialAction\":[{\"@type\":\"ReadAction\",\"target\":[\"https:\\\/\\\/association-trophee-dragster.com\\\/trophee-2\\\/classement\\\/\"]}]},{\"@type\":\"ImageObject\",\"inLanguage\":\"en-US\",\"@id\":\"https:\\\/\\\/association-trophee-dragster.com\\\/trophee-2\\\/classement\\\/#primaryimage\",\"url\":\"https:\\\/\\\/association-trophee-dragster.com\\\/wp-content\\\/uploads\\\/2025\\\/06\\\/affiche_classement_2025-724x1024.jpg\",\"contentUrl\":\"https:\\\/\\\/association-trophee-dragster.com\\\/wp-content\\\/uploads\\\/2025\\\/06\\\/affiche_classement_2025-724x1024.jpg\"},{\"@type\":\"BreadcrumbList\",\"@id\":\"https:\\\/\\\/association-trophee-dragster.com\\\/trophee-2\\\/classement\\\/#breadcrumb\",\"itemListElement\":[{\"@type\":\"ListItem\",\"position\":1,\"name\":\"Accueil\",\"item\":\"https:\\\/\\\/association-trophee-dragster.com\\\/\"},{\"@type\":\"ListItem\",\"position\":2,\"name\":\"Troph\u00e9e\",\"item\":\"https:\\\/\\\/association-trophee-dragster.com\\\/trophee-2\\\/\"},{\"@type\":\"ListItem\",\"position\":3,\"name\":\"Classement\"}]},{\"@type\":\"WebSite\",\"@id\":\"https:\\\/\\\/association-trophee-dragster.com\\\/#website\",\"url\":\"https:\\\/\\\/association-trophee-dragster.com\\\/\",\"name\":\"Association Troph\u00e9e Dragster\",\"description\":\"Un site utilisant WordPress\",\"publisher\":{\"@id\":\"https:\\\/\\\/association-trophee-dragster.com\\\/#organization\"},\"potentialAction\":[{\"@type\":\"SearchAction\",\"target\":{\"@type\":\"EntryPoint\",\"urlTemplate\":\"https:\\\/\\\/association-trophee-dragster.com\\\/?s={search_term_string}\"},\"query-input\":{\"@type\":\"PropertyValueSpecification\",\"valueRequired\":true,\"valueName\":\"search_term_string\"}}],\"inLanguage\":\"en-US\"},{\"@type\":\"Organization\",\"@id\":\"https:\\\/\\\/association-trophee-dragster.com\\\/#organization\",\"name\":\"Association Troph\u00e9e Dragster\",\"url\":\"https:\\\/\\\/association-trophee-dragster.com\\\/\",\"logo\":{\"@type\":\"ImageObject\",\"inLanguage\":\"en-US\",\"@id\":\"https:\\\/\\\/association-trophee-dragster.com\\\/#\\\/schema\\\/logo\\\/image\\\/\",\"url\":\"https:\\\/\\\/association-trophee-dragster.com\\\/wp-content\\\/uploads\\\/2021\\\/02\\\/Trophee-2021-blanc.png\",\"contentUrl\":\"https:\\\/\\\/association-trophee-dragster.com\\\/wp-content\\\/uploads\\\/2021\\\/02\\\/Trophee-2021-blanc.png\",\"width\":1774,\"height\":1230,\"caption\":\"Association Troph\u00e9e Dragster\"},\"image\":{\"@id\":\"https:\\\/\\\/association-trophee-dragster.com\\\/#\\\/schema\\\/logo\\\/image\\\/\"}}]}<\/script>\n<!-- \/ Yoast SEO plugin. -->","yoast_head_json":{"title":"Classement - Association Troph\u00e9e Dragster","robots":{"index":"index","follow":"follow","max-snippet":"max-snippet:-1","max-image-preview":"max-image-preview:large","max-video-preview":"max-video-preview:-1"},"canonical":"https:\/\/association-trophee-dragster.com\/en\/trophee-2\/classement\/","og_locale":"en_US","og_type":"article","og_title":"Classement - Association Troph\u00e9e Dragster","og_description":"Troph\u00e9e 2025 Classement Pas si vite&#8230; La saison n&rsquo;a pas encore commenc\u00e9 !","og_url":"https:\/\/association-trophee-dragster.com\/en\/trophee-2\/classement\/","og_site_name":"Association Troph\u00e9e Dragster","article_modified_time":"2025-08-02T07:34:15+00:00","og_image":[{"width":1190,"height":1684,"url":"https:\/\/association-trophee-dragster.com\/wp-content\/uploads\/2025\/06\/affiche_classement_2025.jpg","type":"image\/jpeg"}],"twitter_card":"summary_large_image","twitter_misc":{"Est. reading time":"1 minute"},"schema":{"@context":"https:\/\/schema.org","@graph":[{"@type":"WebPage","@id":"https:\/\/association-trophee-dragster.com\/trophee-2\/classement\/","url":"https:\/\/association-trophee-dragster.com\/trophee-2\/classement\/","name":"Classement - Association Troph\u00e9e Dragster","isPartOf":{"@id":"https:\/\/association-trophee-dragster.com\/#website"},"primaryImageOfPage":{"@id":"https:\/\/association-trophee-dragster.com\/trophee-2\/classement\/#primaryimage"},"image":{"@id":"https:\/\/association-trophee-dragster.com\/trophee-2\/classement\/#primaryimage"},"thumbnailUrl":"https:\/\/association-trophee-dragster.com\/wp-content\/uploads\/2025\/06\/affiche_classement_2025-724x1024.jpg","datePublished":"2021-02-10T10:51:38+00:00","dateModified":"2025-08-02T07:34:15+00:00","breadcrumb":{"@id":"https:\/\/association-trophee-dragster.com\/trophee-2\/classement\/#breadcrumb"},"inLanguage":"en-US","potentialAction":[{"@type":"ReadAction","target":["https:\/\/association-trophee-dragster.com\/trophee-2\/classement\/"]}]},{"@type":"ImageObject","inLanguage":"en-US","@id":"https:\/\/association-trophee-dragster.com\/trophee-2\/classement\/#primaryimage","url":"https:\/\/association-trophee-dragster.com\/wp-content\/uploads\/2025\/06\/affiche_classement_2025-724x1024.jpg","contentUrl":"https:\/\/association-trophee-dragster.com\/wp-content\/uploads\/2025\/06\/affiche_classement_2025-724x1024.jpg"},{"@type":"BreadcrumbList","@id":"https:\/\/association-trophee-dragster.com\/trophee-2\/classement\/#breadcrumb","itemListElement":[{"@type":"ListItem","position":1,"name":"Accueil","item":"https:\/\/association-trophee-dragster.com\/"},{"@type":"ListItem","position":2,"name":"Troph\u00e9e","item":"https:\/\/association-trophee-dragster.com\/trophee-2\/"},{"@type":"ListItem","position":3,"name":"Classement"}]},{"@type":"WebSite","@id":"https:\/\/association-trophee-dragster.com\/#website","url":"https:\/\/association-trophee-dragster.com\/","name":"Dragster Trophy Association","description":"Un site utilisant WordPress","publisher":{"@id":"https:\/\/association-trophee-dragster.com\/#organization"},"potentialAction":[{"@type":"SearchAction","target":{"@type":"EntryPoint","urlTemplate":"https:\/\/association-trophee-dragster.com\/?s={search_term_string}"},"query-input":{"@type":"PropertyValueSpecification","valueRequired":true,"valueName":"search_term_string"}}],"inLanguage":"en-US"},{"@type":"Organization","@id":"https:\/\/association-trophee-dragster.com\/#organization","name":"Dragster Trophy Association","url":"https:\/\/association-trophee-dragster.com\/","logo":{"@type":"ImageObject","inLanguage":"en-US","@id":"https:\/\/association-trophee-dragster.com\/#\/schema\/logo\/image\/","url":"https:\/\/association-trophee-dragster.com\/wp-content\/uploads\/2021\/02\/Trophee-2021-blanc.png","contentUrl":"https:\/\/association-trophee-dragster.com\/wp-content\/uploads\/2021\/02\/Trophee-2021-blanc.png","width":1774,"height":1230,"caption":"Association Troph\u00e9e Dragster"},"image":{"@id":"https:\/\/association-trophee-dragster.com\/#\/schema\/logo\/image\/"}}]}},"_links":{"self":[{"href":"https:\/\/association-trophee-dragster.com\/en\/wp-json\/wp\/v2\/pages\/681","targetHints":{"allow":["GET"]}}],"collection":[{"href":"https:\/\/association-trophee-dragster.com\/en\/wp-json\/wp\/v2\/pages"}],"about":[{"href":"https:\/\/association-trophee-dragster.com\/en\/wp-json\/wp\/v2\/types\/page"}],"author":[{"embeddable":true,"href":"https:\/\/association-trophee-dragster.com\/en\/wp-json\/wp\/v2\/users\/1"}],"replies":[{"embeddable":true,"href":"https:\/\/association-trophee-dragster.com\/en\/wp-json\/wp\/v2\/comments?post=681"}],"version-history":[{"count":59,"href":"https:\/\/association-trophee-dragster.com\/en\/wp-json\/wp\/v2\/pages\/681\/revisions"}],"predecessor-version":[{"id":4601,"href":"https:\/\/association-trophee-dragster.com\/en\/wp-json\/wp\/v2\/pages\/681\/revisions\/4601"}],"up":[{"embeddable":true,"href":"https:\/\/association-trophee-dragster.com\/en\/wp-json\/wp\/v2\/pages\/675"}],"wp:attachment":[{"href":"https:\/\/association-trophee-dragster.com\/en\/wp-json\/wp\/v2\/media?parent=681"}],"curies":[{"name":"wp","href":"https:\/\/api.w.org\/{rel}","templated":true}]}}