{"id":452,"date":"2021-01-08T16:21:11","date_gmt":"2021-01-08T15:21:11","guid":{"rendered":"https:\/\/association-trophee-dragster.com\/?page_id=452"},"modified":"2023-02-28T13:46:20","modified_gmt":"2023-02-28T12:46:20","slug":"trophee","status":"publish","type":"page","link":"https:\/\/association-trophee-dragster.com\/en\/atd\/trophee\/","title":{"rendered":"The Trophy"},"content":{"rendered":"<div data-elementor-type=\"wp-page\" data-elementor-id=\"452\" class=\"elementor elementor-452\" data-elementor-post-type=\"page\">\n\t\t\t\t\t\t<section class=\"elementor-section elementor-top-section elementor-element elementor-element-zmkisfp elementor-section-boxed elementor-section-height-default elementor-section-height-default\" data-id=\"zmkisfp\" data-element_type=\"section\" data-e-type=\"section\" data-settings=\"{&quot;background_background&quot;:&quot;classic&quot;}\">\n\t\t\t\t\t\t\t<div class=\"elementor-background-overlay\"><\/div>\n\t\t\t\t\t\t\t<div class=\"elementor-container elementor-column-gap-default\">\n\t\t\t\t\t<div class=\"elementor-column elementor-col-33 elementor-top-column elementor-element elementor-element-xhopvah\" data-id=\"xhopvah\" data-element_type=\"column\" data-e-type=\"column\">\n\t\t\t<div class=\"elementor-widget-wrap\">\n\t\t\t\t\t\t\t<\/div>\n\t\t<\/div>\n\t\t\t\t<div class=\"elementor-column elementor-col-33 elementor-top-column elementor-element elementor-element-oexsiwn\" data-id=\"oexsiwn\" data-element_type=\"column\" data-e-type=\"column\">\n\t\t\t<div class=\"elementor-widget-wrap elementor-element-populated\">\n\t\t\t\t\t\t<div class=\"elementor-element elementor-element-p5cs9oh elementor-widget elementor-widget-heading\" data-id=\"p5cs9oh\" data-element_type=\"widget\" data-e-type=\"widget\" data-widget_type=\"heading.default\">\n\t\t\t\t<div class=\"elementor-widget-container\">\n\t\t\t\t\t<h2 class=\"elementor-heading-title elementor-size-default\">ATD<\/h2>\t\t\t\t<\/div>\n\t\t\t\t<\/div>\n\t\t\t\t<div class=\"elementor-element elementor-element-o1hzh7z elementor-widget elementor-widget-text-editor\" data-id=\"o1hzh7z\" data-element_type=\"widget\" data-e-type=\"widget\" data-widget_type=\"text-editor.default\">\n\t\t\t\t<div class=\"elementor-widget-container\">\n\t\t\t\t\t\t\t\t\t<p>The Trophy<\/p>\t\t\t\t\t\t\t\t<\/div>\n\t\t\t\t<\/div>\n\t\t\t\t\t<\/div>\n\t\t<\/div>\n\t\t\t\t<div class=\"elementor-column elementor-col-33 elementor-top-column elementor-element elementor-element-trzegqp\" data-id=\"trzegqp\" data-element_type=\"column\" data-e-type=\"column\">\n\t\t\t<div class=\"elementor-widget-wrap\">\n\t\t\t\t\t\t\t<\/div>\n\t\t<\/div>\n\t\t\t\t\t<\/div>\n\t\t<\/section>\n\t\t\t\t<section class=\"elementor-section elementor-top-section elementor-element elementor-element-a4afa98 elementor-section-boxed elementor-section-height-default elementor-section-height-default\" data-id=\"a4afa98\" data-element_type=\"section\" data-e-type=\"section\">\n\t\t\t\t\t\t<div class=\"elementor-container elementor-column-gap-default\">\n\t\t\t\t\t<div class=\"elementor-column elementor-col-100 elementor-top-column elementor-element elementor-element-1ae6d85\" data-id=\"1ae6d85\" data-element_type=\"column\" data-e-type=\"column\">\n\t\t\t<div class=\"elementor-widget-wrap elementor-element-populated\">\n\t\t\t\t\t\t<div class=\"elementor-element elementor-element-18f1a60 elementor-widget elementor-widget-heading\" data-id=\"18f1a60\" data-element_type=\"widget\" data-e-type=\"widget\" data-widget_type=\"heading.default\">\n\t\t\t\t<div class=\"elementor-widget-container\">\n\t\t\t\t\t<h2 class=\"elementor-heading-title elementor-size-default\">Genesis of a crazy project, the National Dragster Trophy<\/h2>\t\t\t\t<\/div>\n\t\t\t\t<\/div>\n\t\t\t\t<section class=\"elementor-section elementor-inner-section elementor-element elementor-element-0b1e4e5 elementor-reverse-tablet elementor-section-boxed elementor-section-height-default elementor-section-height-default\" data-id=\"0b1e4e5\" data-element_type=\"section\" data-e-type=\"section\">\n\t\t\t\t\t\t<div class=\"elementor-container elementor-column-gap-default\">\n\t\t\t\t\t<div class=\"elementor-column elementor-col-50 elementor-inner-column elementor-element elementor-element-65c48ea\" data-id=\"65c48ea\" data-element_type=\"column\" data-e-type=\"column\">\n\t\t\t<div class=\"elementor-widget-wrap elementor-element-populated\">\n\t\t\t\t\t\t<div class=\"elementor-element elementor-element-0554397 elementor-widget elementor-widget-text-editor\" data-id=\"0554397\" data-element_type=\"widget\" data-e-type=\"widget\" data-widget_type=\"text-editor.default\">\n\t\t\t\t<div class=\"elementor-widget-container\">\n\t\t\t\t\t\t\t\t\t<p class=\"p2\">The passion drives you... The exceptional car, the competition with its atmosphere, the sensations on the edge of your skin... Everything is gathered on the occasion of the DRAGSTER TROPHY, competition which is THE reference in France in the field of the acceleration race from a standing start!\nFor all the others, join us to enlarge the ranks of the DTA (Dragster Trophy Association) and the DRAGSTER NATIONAL TROPHY.\nAlmost 20 years ago now, the DTA was born from the motivation and passion of a group of drivers who wanted to see things evolve in the world of French drag racing. We are proud of the creation of a unique official FFSA National Trophy and of its sporting operation governed by international automobile regulations. The goal is to organize, through ASA Drag Racing, and develop a series of official races on the territory, and even to encourage or integrate some events abroad (Italy, Switzerland ...).\nSee you on the track.<\/p>\t\t\t\t\t\t\t\t<\/div>\n\t\t\t\t<\/div>\n\t\t\t\t\t<\/div>\n\t\t<\/div>\n\t\t\t\t<div class=\"elementor-column elementor-col-50 elementor-inner-column elementor-element elementor-element-39cffaa\" data-id=\"39cffaa\" data-element_type=\"column\" data-e-type=\"column\">\n\t\t\t<div class=\"elementor-widget-wrap elementor-element-populated\">\n\t\t\t\t\t\t<div class=\"elementor-element elementor-element-ebcbf21 elementor-widget elementor-widget-image\" data-id=\"ebcbf21\" data-element_type=\"widget\" data-e-type=\"widget\" data-widget_type=\"image.default\">\n\t\t\t\t<div class=\"elementor-widget-container\">\n\t\t\t\t\t\t\t\t\t\t\t\t\t\t\t<img fetchpriority=\"high\" decoding=\"async\" width=\"768\" height=\"1009\" src=\"https:\/\/association-trophee-dragster.com\/wp-content\/uploads\/2021\/04\/casque-atd-768x1009.png\" class=\"attachment-medium_large size-medium_large wp-image-1866\" alt=\"Logo officiel de l&#039;ATD\" srcset=\"\" sizes=\"(max-width: 768px) 100vw, 768px\" data-srcset=\"\" \/>\t\t\t\t\t\t\t\t\t\t\t\t\t\t\t<\/div>\n\t\t\t\t<\/div>\n\t\t\t\t\t<\/div>\n\t\t<\/div>\n\t\t\t\t\t<\/div>\n\t\t<\/section>\n\t\t\t\t\t<\/div>\n\t\t<\/div>\n\t\t\t\t\t<\/div>\n\t\t<\/section>\n\t\t\t\t<section class=\"elementor-section elementor-top-section elementor-element elementor-element-83e89e1 elementor-section-boxed elementor-section-height-default elementor-section-height-default\" data-id=\"83e89e1\" data-element_type=\"section\" data-e-type=\"section\">\n\t\t\t\t\t\t<div class=\"elementor-container elementor-column-gap-default\">\n\t\t\t\t\t<div class=\"elementor-column elementor-col-100 elementor-top-column elementor-element elementor-element-dff1cc7\" data-id=\"dff1cc7\" data-element_type=\"column\" data-e-type=\"column\">\n\t\t\t<div class=\"elementor-widget-wrap elementor-element-populated\">\n\t\t\t\t\t\t<div class=\"elementor-element elementor-element-f5135b5 elementor-widget elementor-widget-heading\" data-id=\"f5135b5\" data-element_type=\"widget\" data-e-type=\"widget\" data-widget_type=\"heading.default\">\n\t\t\t\t<div class=\"elementor-widget-container\">\n\t\t\t\t\t<h2 class=\"elementor-heading-title elementor-size-default\">The competition, the only source of inspiration\n<\/h2>\t\t\t\t<\/div>\n\t\t\t\t<\/div>\n\t\t\t\t<div class=\"elementor-element elementor-element-325e2f1 elementor-widget elementor-widget-text-editor\" data-id=\"325e2f1\" data-element_type=\"widget\" data-e-type=\"widget\" data-widget_type=\"text-editor.default\">\n\t\t\t\t<div class=\"elementor-widget-container\">\n\t\t\t\t\t\t\t\t\t<p>In 2022, we celebrated 19 years of existence of the Trophy. More than 200 drivers took to the track to make their engines roar and compete in their favorite cars.<\/p>\n<p>And many passionate and sympathetic spectators came to encourage them and to follow the Trophy on the various races. The Trophy is an official drag racing competition organized on the French territory, recognized by the FFSA (F\u00e9d\u00e9ration Fran\u00e7aise de Sport Automobile) and managed as a car competition with unique rules available at the ATD.<\/p>\n<p>The officialization of such a competition in France allows all the amateurs as well as the already confirmed pilots :<\/p>\n<p>- To compete in races with a real spirit of competition and professionalism.<\/p>\n<p>- To benefit from a stable and fair regulation during the whole season and for all. From then on, the competitors will be confronted with a real sporting management of each event, of their vehicles and their possible mechanical evolutions. This is an unprecedented motivation for this type of competition in France, in order to reach the best possible ranking at the end of the season and to win the title of Official Champion of the National Dragster Trophy by categories. With this promotion formula, the image of dragster in France has changed from being a simple demonstration event to a real car competition worthy of the name!<\/p>\n<p>Many people and partners have mobilized in this sense to accompany us in this project.<\/p>\n<p>It is up to the pilots to confront the others and to shine as much by their performance as by their presence at each event, so that this desire to succeed on our part is never questioned.<\/p>\n<p>The competition is open: to the pleasure of competing... on the track.<\/p>\t\t\t\t\t\t\t\t<\/div>\n\t\t\t\t<\/div>\n\t\t\t\t<div class=\"elementor-element elementor-element-8d9b48a elementor-widget elementor-widget-image\" data-id=\"8d9b48a\" data-element_type=\"widget\" data-e-type=\"widget\" data-widget_type=\"image.default\">\n\t\t\t\t<div class=\"elementor-widget-container\">\n\t\t\t\t\t\t\t\t\t\t\t\t\t\t\t<img decoding=\"async\" width=\"1024\" height=\"546\" src=\"https:\/\/association-trophee-dragster.com\/wp-content\/uploads\/2021\/04\/membres-atd-2006-1024x546.jpg\" class=\"attachment-large size-large wp-image-1868\" alt=\"Les membres de l&#039;ATD en 2006\" srcset=\"\" sizes=\"(max-width: 1024px) 100vw, 1024px\" data-srcset=\"\" \/>\t\t\t\t\t\t\t\t\t\t\t\t\t\t\t<\/div>\n\t\t\t\t<\/div>\n\t\t\t\t\t<\/div>\n\t\t<\/div>\n\t\t\t\t\t<\/div>\n\t\t<\/section>\n\t\t\t\t<\/div>","protected":false},"excerpt":{"rendered":"<p>ATD Le Troph\u00e9e Gen\u00e8se d\u2019un projet un peu fou, le Troph\u00e9e National Dragster La passion vous anime\u2026 L\u2019automobile d\u2019exception, la comp\u00e9tition avec son ambiance, les sensations \u00e0 fleur de peau\u2026 Tout est r\u00e9uni \u00e0 l\u2019occasion du TROPHEE DRAGSTER, comp\u00e9tition qui est LA r\u00e9f\u00e9rence en France dans le domaine de la course d\u2019acc\u00e9l\u00e9ration d\u00e9part arr\u00eat\u00e9\u00a0! Les [&hellip;]<\/p>\n","protected":false},"author":1,"featured_media":0,"parent":426,"menu_order":0,"comment_status":"closed","ping_status":"closed","template":"","meta":{"ocean_post_layout":"full-screen","ocean_both_sidebars_style":"","ocean_both_sidebars_content_width":0,"ocean_both_sidebars_sidebars_width":0,"ocean_sidebar":"0","ocean_second_sidebar":"0","ocean_disable_margins":"on","ocean_add_body_class":"","ocean_shortcode_before_top_bar":"","ocean_shortcode_after_top_bar":"","ocean_shortcode_before_header":"","ocean_shortcode_after_header":"","ocean_has_shortcode":"","ocean_shortcode_after_title":"","ocean_shortcode_before_footer_widgets":"","ocean_shortcode_after_footer_widgets":"","ocean_shortcode_before_footer_bottom":"","ocean_shortcode_after_footer_bottom":"","ocean_display_top_bar":"default","ocean_display_header":"default","ocean_header_style":"","ocean_center_header_left_menu":"0","ocean_custom_header_template":"0","ocean_custom_logo":0,"ocean_custom_retina_logo":0,"ocean_custom_logo_max_width":0,"ocean_custom_logo_tablet_max_width":0,"ocean_custom_logo_mobile_max_width":0,"ocean_custom_logo_max_height":0,"ocean_custom_logo_tablet_max_height":0,"ocean_custom_logo_mobile_max_height":0,"ocean_header_custom_menu":"0","ocean_menu_typo_font_family":"0","ocean_menu_typo_font_subset":"","ocean_menu_typo_font_size":0,"ocean_menu_typo_font_size_tablet":0,"ocean_menu_typo_font_size_mobile":0,"ocean_menu_typo_font_size_unit":"px","ocean_menu_typo_font_weight":"","ocean_menu_typo_font_weight_tablet":"","ocean_menu_typo_font_weight_mobile":"","ocean_menu_typo_transform":"","ocean_menu_typo_transform_tablet":"","ocean_menu_typo_transform_mobile":"","ocean_menu_typo_line_height":0,"ocean_menu_typo_line_height_tablet":0,"ocean_menu_typo_line_height_mobile":0,"ocean_menu_typo_line_height_unit":"","ocean_menu_typo_spacing":0,"ocean_menu_typo_spacing_tablet":0,"ocean_menu_typo_spacing_mobile":0,"ocean_menu_typo_spacing_unit":"","ocean_menu_link_color":"","ocean_menu_link_color_hover":"","ocean_menu_link_color_active":"","ocean_menu_link_background":"","ocean_menu_link_hover_background":"","ocean_menu_link_active_background":"","ocean_menu_social_links_bg":"","ocean_menu_social_hover_links_bg":"","ocean_menu_social_links_color":"","ocean_menu_social_hover_links_color":"","ocean_disable_title":"on","ocean_disable_heading":"default","ocean_post_title":"","ocean_post_subheading":"Discover more about our story","ocean_post_title_style":"background-image","ocean_post_title_background_color":"","ocean_post_title_background":0,"ocean_post_title_bg_image_position":"","ocean_post_title_bg_image_attachment":"","ocean_post_title_bg_image_repeat":"","ocean_post_title_bg_image_size":"","ocean_post_title_height":0,"ocean_post_title_bg_overlay":0.5,"ocean_post_title_bg_overlay_color":"","ocean_disable_breadcrumbs":"default","ocean_breadcrumbs_color":"","ocean_breadcrumbs_separator_color":"","ocean_breadcrumbs_links_color":"","ocean_breadcrumbs_links_hover_color":"","ocean_display_footer_widgets":"default","ocean_display_footer_bottom":"default","ocean_custom_footer_template":"0","footnotes":""},"class_list":["post-452","page","type-page","status-publish","hentry","entry"],"yoast_head":"<!-- This site is optimized with the Yoast SEO plugin v27.3 - https:\/\/yoast.com\/product\/yoast-seo-wordpress\/ -->\n<title>Le Troph\u00e9e - Association Troph\u00e9e Dragster<\/title>\n<meta name=\"robots\" content=\"index, follow, max-snippet:-1, max-image-preview:large, max-video-preview:-1\" \/>\n<link rel=\"canonical\" href=\"https:\/\/association-trophee-dragster.com\/en\/atd\/trophee\/\" \/>\n<meta property=\"og:locale\" content=\"en_US\" \/>\n<meta property=\"og:type\" content=\"article\" \/>\n<meta property=\"og:title\" content=\"Le Troph\u00e9e - Association Troph\u00e9e Dragster\" \/>\n<meta property=\"og:description\" content=\"ATD Le Troph\u00e9e Gen\u00e8se d\u2019un projet un peu fou, le Troph\u00e9e National Dragster La passion vous anime\u2026 L\u2019automobile d\u2019exception, la comp\u00e9tition avec son ambiance, les sensations \u00e0 fleur de peau\u2026 Tout est r\u00e9uni \u00e0 l\u2019occasion du TROPHEE DRAGSTER, comp\u00e9tition qui est LA r\u00e9f\u00e9rence en France dans le domaine de la course d\u2019acc\u00e9l\u00e9ration d\u00e9part arr\u00eat\u00e9\u00a0! Les [&hellip;]\" \/>\n<meta property=\"og:url\" content=\"https:\/\/association-trophee-dragster.com\/en\/atd\/trophee\/\" \/>\n<meta property=\"og:site_name\" content=\"Association Troph\u00e9e Dragster\" \/>\n<meta property=\"article:modified_time\" content=\"2023-02-28T12:46:20+00:00\" \/>\n<meta property=\"og:image\" content=\"https:\/\/association-trophee-dragster.com\/wp-content\/uploads\/2021\/04\/casque-atd-768x1009.png\" \/>\n<meta name=\"twitter:card\" content=\"summary_large_image\" \/>\n<meta name=\"twitter:label1\" content=\"Est. reading time\" \/>\n\t<meta name=\"twitter:data1\" content=\"3 minutes\" \/>\n<script type=\"application\/ld+json\" class=\"yoast-schema-graph\">{\"@context\":\"https:\\\/\\\/schema.org\",\"@graph\":[{\"@type\":\"WebPage\",\"@id\":\"https:\\\/\\\/association-trophee-dragster.com\\\/atd\\\/trophee\\\/\",\"url\":\"https:\\\/\\\/association-trophee-dragster.com\\\/atd\\\/trophee\\\/\",\"name\":\"Le Troph\u00e9e - Association Troph\u00e9e Dragster\",\"isPartOf\":{\"@id\":\"https:\\\/\\\/association-trophee-dragster.com\\\/#website\"},\"primaryImageOfPage\":{\"@id\":\"https:\\\/\\\/association-trophee-dragster.com\\\/atd\\\/trophee\\\/#primaryimage\"},\"image\":{\"@id\":\"https:\\\/\\\/association-trophee-dragster.com\\\/atd\\\/trophee\\\/#primaryimage\"},\"thumbnailUrl\":\"https:\\\/\\\/association-trophee-dragster.com\\\/wp-content\\\/uploads\\\/2021\\\/04\\\/casque-atd-768x1009.png\",\"datePublished\":\"2021-01-08T15:21:11+00:00\",\"dateModified\":\"2023-02-28T12:46:20+00:00\",\"breadcrumb\":{\"@id\":\"https:\\\/\\\/association-trophee-dragster.com\\\/atd\\\/trophee\\\/#breadcrumb\"},\"inLanguage\":\"en-US\",\"potentialAction\":[{\"@type\":\"ReadAction\",\"target\":[\"https:\\\/\\\/association-trophee-dragster.com\\\/atd\\\/trophee\\\/\"]}]},{\"@type\":\"ImageObject\",\"inLanguage\":\"en-US\",\"@id\":\"https:\\\/\\\/association-trophee-dragster.com\\\/atd\\\/trophee\\\/#primaryimage\",\"url\":\"https:\\\/\\\/association-trophee-dragster.com\\\/wp-content\\\/uploads\\\/2021\\\/04\\\/casque-atd-768x1009.png\",\"contentUrl\":\"https:\\\/\\\/association-trophee-dragster.com\\\/wp-content\\\/uploads\\\/2021\\\/04\\\/casque-atd-768x1009.png\"},{\"@type\":\"BreadcrumbList\",\"@id\":\"https:\\\/\\\/association-trophee-dragster.com\\\/atd\\\/trophee\\\/#breadcrumb\",\"itemListElement\":[{\"@type\":\"ListItem\",\"position\":1,\"name\":\"Accueil\",\"item\":\"https:\\\/\\\/association-trophee-dragster.com\\\/\"},{\"@type\":\"ListItem\",\"position\":2,\"name\":\"ATD\",\"item\":\"https:\\\/\\\/association-trophee-dragster.com\\\/en\\\/atd\\\/\"},{\"@type\":\"ListItem\",\"position\":3,\"name\":\"Le Troph\u00e9e\"}]},{\"@type\":\"WebSite\",\"@id\":\"https:\\\/\\\/association-trophee-dragster.com\\\/#website\",\"url\":\"https:\\\/\\\/association-trophee-dragster.com\\\/\",\"name\":\"Association Troph\u00e9e Dragster\",\"description\":\"Un site utilisant WordPress\",\"publisher\":{\"@id\":\"https:\\\/\\\/association-trophee-dragster.com\\\/#organization\"},\"potentialAction\":[{\"@type\":\"SearchAction\",\"target\":{\"@type\":\"EntryPoint\",\"urlTemplate\":\"https:\\\/\\\/association-trophee-dragster.com\\\/?s={search_term_string}\"},\"query-input\":{\"@type\":\"PropertyValueSpecification\",\"valueRequired\":true,\"valueName\":\"search_term_string\"}}],\"inLanguage\":\"en-US\"},{\"@type\":\"Organization\",\"@id\":\"https:\\\/\\\/association-trophee-dragster.com\\\/#organization\",\"name\":\"Association Troph\u00e9e Dragster\",\"url\":\"https:\\\/\\\/association-trophee-dragster.com\\\/\",\"logo\":{\"@type\":\"ImageObject\",\"inLanguage\":\"en-US\",\"@id\":\"https:\\\/\\\/association-trophee-dragster.com\\\/#\\\/schema\\\/logo\\\/image\\\/\",\"url\":\"https:\\\/\\\/association-trophee-dragster.com\\\/wp-content\\\/uploads\\\/2021\\\/02\\\/Trophee-2021-blanc.png\",\"contentUrl\":\"https:\\\/\\\/association-trophee-dragster.com\\\/wp-content\\\/uploads\\\/2021\\\/02\\\/Trophee-2021-blanc.png\",\"width\":1774,\"height\":1230,\"caption\":\"Association Troph\u00e9e Dragster\"},\"image\":{\"@id\":\"https:\\\/\\\/association-trophee-dragster.com\\\/#\\\/schema\\\/logo\\\/image\\\/\"}}]}<\/script>\n<!-- \/ Yoast SEO plugin. -->","yoast_head_json":{"title":"Le Troph\u00e9e - Association Troph\u00e9e Dragster","robots":{"index":"index","follow":"follow","max-snippet":"max-snippet:-1","max-image-preview":"max-image-preview:large","max-video-preview":"max-video-preview:-1"},"canonical":"https:\/\/association-trophee-dragster.com\/en\/atd\/trophee\/","og_locale":"en_US","og_type":"article","og_title":"Le Troph\u00e9e - Association Troph\u00e9e Dragster","og_description":"ATD Le Troph\u00e9e Gen\u00e8se d\u2019un projet un peu fou, le Troph\u00e9e National Dragster La passion vous anime\u2026 L\u2019automobile d\u2019exception, la comp\u00e9tition avec son ambiance, les sensations \u00e0 fleur de peau\u2026 Tout est r\u00e9uni \u00e0 l\u2019occasion du TROPHEE DRAGSTER, comp\u00e9tition qui est LA r\u00e9f\u00e9rence en France dans le domaine de la course d\u2019acc\u00e9l\u00e9ration d\u00e9part arr\u00eat\u00e9\u00a0! Les [&hellip;]","og_url":"https:\/\/association-trophee-dragster.com\/en\/atd\/trophee\/","og_site_name":"Association Troph\u00e9e Dragster","article_modified_time":"2023-02-28T12:46:20+00:00","og_image":[{"url":"https:\/\/association-trophee-dragster.com\/wp-content\/uploads\/2021\/04\/casque-atd-768x1009.png","type":"","width":"","height":""}],"twitter_card":"summary_large_image","twitter_misc":{"Est. reading time":"3 minutes"},"schema":{"@context":"https:\/\/schema.org","@graph":[{"@type":"WebPage","@id":"https:\/\/association-trophee-dragster.com\/atd\/trophee\/","url":"https:\/\/association-trophee-dragster.com\/atd\/trophee\/","name":"Le Troph\u00e9e - Association Troph\u00e9e Dragster","isPartOf":{"@id":"https:\/\/association-trophee-dragster.com\/#website"},"primaryImageOfPage":{"@id":"https:\/\/association-trophee-dragster.com\/atd\/trophee\/#primaryimage"},"image":{"@id":"https:\/\/association-trophee-dragster.com\/atd\/trophee\/#primaryimage"},"thumbnailUrl":"https:\/\/association-trophee-dragster.com\/wp-content\/uploads\/2021\/04\/casque-atd-768x1009.png","datePublished":"2021-01-08T15:21:11+00:00","dateModified":"2023-02-28T12:46:20+00:00","breadcrumb":{"@id":"https:\/\/association-trophee-dragster.com\/atd\/trophee\/#breadcrumb"},"inLanguage":"en-US","potentialAction":[{"@type":"ReadAction","target":["https:\/\/association-trophee-dragster.com\/atd\/trophee\/"]}]},{"@type":"ImageObject","inLanguage":"en-US","@id":"https:\/\/association-trophee-dragster.com\/atd\/trophee\/#primaryimage","url":"https:\/\/association-trophee-dragster.com\/wp-content\/uploads\/2021\/04\/casque-atd-768x1009.png","contentUrl":"https:\/\/association-trophee-dragster.com\/wp-content\/uploads\/2021\/04\/casque-atd-768x1009.png"},{"@type":"BreadcrumbList","@id":"https:\/\/association-trophee-dragster.com\/atd\/trophee\/#breadcrumb","itemListElement":[{"@type":"ListItem","position":1,"name":"Accueil","item":"https:\/\/association-trophee-dragster.com\/"},{"@type":"ListItem","position":2,"name":"ATD","item":"https:\/\/association-trophee-dragster.com\/en\/atd\/"},{"@type":"ListItem","position":3,"name":"Le Troph\u00e9e"}]},{"@type":"WebSite","@id":"https:\/\/association-trophee-dragster.com\/#website","url":"https:\/\/association-trophee-dragster.com\/","name":"Dragster Trophy Association","description":"Un site utilisant WordPress","publisher":{"@id":"https:\/\/association-trophee-dragster.com\/#organization"},"potentialAction":[{"@type":"SearchAction","target":{"@type":"EntryPoint","urlTemplate":"https:\/\/association-trophee-dragster.com\/?s={search_term_string}"},"query-input":{"@type":"PropertyValueSpecification","valueRequired":true,"valueName":"search_term_string"}}],"inLanguage":"en-US"},{"@type":"Organization","@id":"https:\/\/association-trophee-dragster.com\/#organization","name":"Dragster Trophy Association","url":"https:\/\/association-trophee-dragster.com\/","logo":{"@type":"ImageObject","inLanguage":"en-US","@id":"https:\/\/association-trophee-dragster.com\/#\/schema\/logo\/image\/","url":"https:\/\/association-trophee-dragster.com\/wp-content\/uploads\/2021\/02\/Trophee-2021-blanc.png","contentUrl":"https:\/\/association-trophee-dragster.com\/wp-content\/uploads\/2021\/02\/Trophee-2021-blanc.png","width":1774,"height":1230,"caption":"Association Troph\u00e9e Dragster"},"image":{"@id":"https:\/\/association-trophee-dragster.com\/#\/schema\/logo\/image\/"}}]}},"_links":{"self":[{"href":"https:\/\/association-trophee-dragster.com\/en\/wp-json\/wp\/v2\/pages\/452","targetHints":{"allow":["GET"]}}],"collection":[{"href":"https:\/\/association-trophee-dragster.com\/en\/wp-json\/wp\/v2\/pages"}],"about":[{"href":"https:\/\/association-trophee-dragster.com\/en\/wp-json\/wp\/v2\/types\/page"}],"author":[{"embeddable":true,"href":"https:\/\/association-trophee-dragster.com\/en\/wp-json\/wp\/v2\/users\/1"}],"replies":[{"embeddable":true,"href":"https:\/\/association-trophee-dragster.com\/en\/wp-json\/wp\/v2\/comments?post=452"}],"version-history":[{"count":11,"href":"https:\/\/association-trophee-dragster.com\/en\/wp-json\/wp\/v2\/pages\/452\/revisions"}],"predecessor-version":[{"id":3365,"href":"https:\/\/association-trophee-dragster.com\/en\/wp-json\/wp\/v2\/pages\/452\/revisions\/3365"}],"up":[{"embeddable":true,"href":"https:\/\/association-trophee-dragster.com\/en\/wp-json\/wp\/v2\/pages\/426"}],"wp:attachment":[{"href":"https:\/\/association-trophee-dragster.com\/en\/wp-json\/wp\/v2\/media?parent=452"}],"curies":[{"name":"wp","href":"https:\/\/api.w.org\/{rel}","templated":true}]}}