{"id":433,"date":"2021-01-08T16:05:34","date_gmt":"2021-01-08T15:05:34","guid":{"rendered":"https:\/\/association-trophee-dragster.com\/?page_id=433"},"modified":"2023-02-27T13:48:48","modified_gmt":"2023-02-27T12:48:48","slug":"presentation","status":"publish","type":"page","link":"https:\/\/association-trophee-dragster.com\/en\/atd\/presentation\/","title":{"rendered":"Presentation"},"content":{"rendered":"<div data-elementor-type=\"wp-page\" data-elementor-id=\"433\" class=\"elementor elementor-433\" data-elementor-post-type=\"page\">\n\t\t\t\t\t\t<section class=\"elementor-section elementor-top-section elementor-element elementor-element-zmkisfp elementor-section-boxed elementor-section-height-default elementor-section-height-default\" data-id=\"zmkisfp\" data-element_type=\"section\" data-e-type=\"section\" data-settings=\"{&quot;background_background&quot;:&quot;classic&quot;}\">\n\t\t\t\t\t\t\t<div class=\"elementor-background-overlay\"><\/div>\n\t\t\t\t\t\t\t<div class=\"elementor-container elementor-column-gap-default\">\n\t\t\t\t\t<div class=\"elementor-column elementor-col-33 elementor-top-column elementor-element elementor-element-xhopvah\" data-id=\"xhopvah\" data-element_type=\"column\" data-e-type=\"column\">\n\t\t\t<div class=\"elementor-widget-wrap\">\n\t\t\t\t\t\t\t<\/div>\n\t\t<\/div>\n\t\t\t\t<div class=\"elementor-column elementor-col-33 elementor-top-column elementor-element elementor-element-oexsiwn\" data-id=\"oexsiwn\" data-element_type=\"column\" data-e-type=\"column\">\n\t\t\t<div class=\"elementor-widget-wrap elementor-element-populated\">\n\t\t\t\t\t\t<div class=\"elementor-element elementor-element-p5cs9oh elementor-widget elementor-widget-heading\" data-id=\"p5cs9oh\" data-element_type=\"widget\" data-e-type=\"widget\" data-widget_type=\"heading.default\">\n\t\t\t\t<div class=\"elementor-widget-container\">\n\t\t\t\t\t<h2 class=\"elementor-heading-title elementor-size-default\">ATD<\/h2>\t\t\t\t<\/div>\n\t\t\t\t<\/div>\n\t\t\t\t<div class=\"elementor-element elementor-element-o1hzh7z elementor-widget elementor-widget-text-editor\" data-id=\"o1hzh7z\" data-element_type=\"widget\" data-e-type=\"widget\" data-widget_type=\"text-editor.default\">\n\t\t\t\t<div class=\"elementor-widget-container\">\n\t\t\t\t\t\t\t\t\t<p>Presentation<\/p>\t\t\t\t\t\t\t\t<\/div>\n\t\t\t\t<\/div>\n\t\t\t\t\t<\/div>\n\t\t<\/div>\n\t\t\t\t<div class=\"elementor-column elementor-col-33 elementor-top-column elementor-element elementor-element-trzegqp\" data-id=\"trzegqp\" data-element_type=\"column\" data-e-type=\"column\">\n\t\t\t<div class=\"elementor-widget-wrap\">\n\t\t\t\t\t\t\t<\/div>\n\t\t<\/div>\n\t\t\t\t\t<\/div>\n\t\t<\/section>\n\t\t\t\t<section class=\"elementor-section elementor-top-section elementor-element elementor-element-a4afa98 elementor-section-boxed elementor-section-height-default elementor-section-height-default\" data-id=\"a4afa98\" data-element_type=\"section\" data-e-type=\"section\">\n\t\t\t\t\t\t<div class=\"elementor-container elementor-column-gap-default\">\n\t\t\t\t\t<div class=\"elementor-column elementor-col-100 elementor-top-column elementor-element elementor-element-1ae6d85\" data-id=\"1ae6d85\" data-element_type=\"column\" data-e-type=\"column\">\n\t\t\t<div class=\"elementor-widget-wrap elementor-element-populated\">\n\t\t\t\t\t\t<div class=\"elementor-element elementor-element-18f1a60 elementor-widget elementor-widget-heading\" data-id=\"18f1a60\" data-element_type=\"widget\" data-e-type=\"widget\" data-widget_type=\"heading.default\">\n\t\t\t\t<div class=\"elementor-widget-container\">\n\t\t\t\t\t<h2 class=\"elementor-heading-title elementor-size-default\">The association<\/h2>\t\t\t\t<\/div>\n\t\t\t\t<\/div>\n\t\t\t\t<div class=\"elementor-element elementor-element-0554397 elementor-widget elementor-widget-text-editor\" data-id=\"0554397\" data-element_type=\"widget\" data-e-type=\"widget\" data-widget_type=\"text-editor.default\">\n\t\t\t\t<div class=\"elementor-widget-container\">\n\t\t\t\t\t\t\t\t\t<p class=\"p2\">A bit of history......<\/p>\n<p class=\"p2\">Until 2003, there were no official dragster races in France structured around a Championship; and yet, good wills among the French pilots work to concretize the setting up of the ATD trophy (Dragster Trophy Association - association law 1901)<\/p>\n<p class=\"p3\">The purpose of the ATD at the time of its creation was to make the link between the various actors of this sport (pilots, organizers and federations) and to manage the National Trophy Dragster.<\/p>\n<p>But the lack of races has very quickly forced the ATD to wear a new hat, that of organizer. You will find a history of all the races managed since 2004 on the page.<\/p>\t\t\t\t\t\t\t\t<\/div>\n\t\t\t\t<\/div>\n\t\t\t\t<div class=\"elementor-element elementor-element-a536c31 elementor-align-center elementor-widget elementor-widget-button\" data-id=\"a536c31\" data-element_type=\"widget\" data-e-type=\"widget\" data-widget_type=\"button.default\">\n\t\t\t\t<div class=\"elementor-widget-container\">\n\t\t\t\t\t\t\t\t\t<div class=\"elementor-button-wrapper\">\n\t\t\t\t\t<a class=\"elementor-button elementor-button-link elementor-size-sm\" href=\"https:\/\/association-trophee-dragster.com\/en\/historique\/\">\n\t\t\t\t\t\t<span class=\"elementor-button-content-wrapper\">\n\t\t\t\t\t\t\t\t\t<span class=\"elementor-button-text\">Archive of results<\/span>\n\t\t\t\t\t<\/span>\n\t\t\t\t\t<\/a>\n\t\t\t\t<\/div>\n\t\t\t\t\t\t\t\t<\/div>\n\t\t\t\t<\/div>\n\t\t\t\t<div class=\"elementor-element elementor-element-1e1f10e elementor-widget elementor-widget-text-editor\" data-id=\"1e1f10e\" data-element_type=\"widget\" data-e-type=\"widget\" data-widget_type=\"text-editor.default\">\n\t\t\t\t<div class=\"elementor-widget-container\">\n\t\t\t\t\t\t\t\t\t<p>Since 2004, the \"Troph\u00e9e National Dragster\" is in place around a structured association and evolves every year.<\/p>\n<p>This allows a better coordination between Organizers, Federations (FFM and FFSA), Ministries and Drivers for a maximum of national and European promotion in order to attract more drivers and partners.<\/p>\n<p>Constantly evolving over the years, the races take place with an average of 100 car teams.\u00a0Many foreign teams (Swiss, Belgian, German, Italian, English, Dutch, Spanish, etc.) come to participate in the Trophy.<\/p>\n<p>The reasons are simple: family atmosphere, maximum runs for the participants, conviviality and seriousness.<\/p>\n<p>The seriousness of the DTA allows to have for several years a set of vehicles more and more powerful, professional teams and many projects in progress for the future years.<\/p>\n<p>The current site where the competitions take place is a permanent site located in the department of Aisne.<\/p>\n<p>This central geographical location on the map of Europe favors the arrival of foreign teams. Also, in order to be able to manage the increase in power of the dragsters, a preparation of the track takes place at each race with notably a systematic sizing of the track.<\/p>\n<p>The National Dragster Trophy will be awarded to the dragster champions of each category (or class) having participated in the different races held during one year (several rounds are planned in France).<\/p>\n<p>An unknown facet of our organizations is also to attract all the new waves of vehicles tuning or run in order to supervise these new competitors on appropriate sites and in full safety; we want to bring our stone to the building of the fight against the wild runs which are more and more common on all France.<\/p>\t\t\t\t\t\t\t\t<\/div>\n\t\t\t\t<\/div>\n\t\t\t\t\t<\/div>\n\t\t<\/div>\n\t\t\t\t\t<\/div>\n\t\t<\/section>\n\t\t\t\t<\/div>","protected":false},"excerpt":{"rendered":"<p>ATD Pr\u00e9sentation L&rsquo;association Un peu d\u2019histoire\u2026\u2026 Jusqu\u2019en 2003, il n\u2019existait pas vraiment de courses officielles de dragster en France structur\u00e9es autour d\u2019un Championnat\u00a0; et pourtant, des bonnes volont\u00e9s parmi les pilotes fran\u00e7ais oeuvrent pour concr\u00e9tiser la mise en place du troph\u00e9e ATD\u00a0(Association Troph\u00e9e Dragster &#8211; association loi 1901) Le But de l\u2019ATD lors de sa [&hellip;]<\/p>\n","protected":false},"author":1,"featured_media":0,"parent":426,"menu_order":0,"comment_status":"closed","ping_status":"closed","template":"","meta":{"ocean_post_layout":"full-screen","ocean_both_sidebars_style":"","ocean_both_sidebars_content_width":0,"ocean_both_sidebars_sidebars_width":0,"ocean_sidebar":"0","ocean_second_sidebar":"0","ocean_disable_margins":"on","ocean_add_body_class":"","ocean_shortcode_before_top_bar":"","ocean_shortcode_after_top_bar":"","ocean_shortcode_before_header":"","ocean_shortcode_after_header":"","ocean_has_shortcode":"","ocean_shortcode_after_title":"","ocean_shortcode_before_footer_widgets":"","ocean_shortcode_after_footer_widgets":"","ocean_shortcode_before_footer_bottom":"","ocean_shortcode_after_footer_bottom":"","ocean_display_top_bar":"default","ocean_display_header":"default","ocean_header_style":"","ocean_center_header_left_menu":"0","ocean_custom_header_template":"0","ocean_custom_logo":0,"ocean_custom_retina_logo":0,"ocean_custom_logo_max_width":0,"ocean_custom_logo_tablet_max_width":0,"ocean_custom_logo_mobile_max_width":0,"ocean_custom_logo_max_height":0,"ocean_custom_logo_tablet_max_height":0,"ocean_custom_logo_mobile_max_height":0,"ocean_header_custom_menu":"0","ocean_menu_typo_font_family":"0","ocean_menu_typo_font_subset":"","ocean_menu_typo_font_size":0,"ocean_menu_typo_font_size_tablet":0,"ocean_menu_typo_font_size_mobile":0,"ocean_menu_typo_font_size_unit":"px","ocean_menu_typo_font_weight":"","ocean_menu_typo_font_weight_tablet":"","ocean_menu_typo_font_weight_mobile":"","ocean_menu_typo_transform":"","ocean_menu_typo_transform_tablet":"","ocean_menu_typo_transform_mobile":"","ocean_menu_typo_line_height":0,"ocean_menu_typo_line_height_tablet":0,"ocean_menu_typo_line_height_mobile":0,"ocean_menu_typo_line_height_unit":"","ocean_menu_typo_spacing":0,"ocean_menu_typo_spacing_tablet":0,"ocean_menu_typo_spacing_mobile":0,"ocean_menu_typo_spacing_unit":"","ocean_menu_link_color":"","ocean_menu_link_color_hover":"","ocean_menu_link_color_active":"","ocean_menu_link_background":"","ocean_menu_link_hover_background":"","ocean_menu_link_active_background":"","ocean_menu_social_links_bg":"","ocean_menu_social_hover_links_bg":"","ocean_menu_social_links_color":"","ocean_menu_social_hover_links_color":"","ocean_disable_title":"on","ocean_disable_heading":"default","ocean_post_title":"","ocean_post_subheading":"Discover more about our story","ocean_post_title_style":"background-image","ocean_post_title_background_color":"","ocean_post_title_background":0,"ocean_post_title_bg_image_position":"","ocean_post_title_bg_image_attachment":"","ocean_post_title_bg_image_repeat":"","ocean_post_title_bg_image_size":"","ocean_post_title_height":0,"ocean_post_title_bg_overlay":0.5,"ocean_post_title_bg_overlay_color":"","ocean_disable_breadcrumbs":"default","ocean_breadcrumbs_color":"","ocean_breadcrumbs_separator_color":"","ocean_breadcrumbs_links_color":"","ocean_breadcrumbs_links_hover_color":"","ocean_display_footer_widgets":"default","ocean_display_footer_bottom":"default","ocean_custom_footer_template":"0","footnotes":""},"class_list":["post-433","page","type-page","status-publish","hentry","entry"],"yoast_head":"<!-- This site is optimized with the Yoast SEO plugin v27.3 - https:\/\/yoast.com\/product\/yoast-seo-wordpress\/ -->\n<title>Pr\u00e9sentation - Association Troph\u00e9e Dragster<\/title>\n<meta name=\"robots\" content=\"index, follow, max-snippet:-1, max-image-preview:large, max-video-preview:-1\" \/>\n<link rel=\"canonical\" href=\"https:\/\/association-trophee-dragster.com\/en\/atd\/presentation\/\" \/>\n<meta property=\"og:locale\" content=\"en_US\" \/>\n<meta property=\"og:type\" content=\"article\" \/>\n<meta property=\"og:title\" content=\"Pr\u00e9sentation - Association Troph\u00e9e Dragster\" \/>\n<meta property=\"og:description\" content=\"ATD Pr\u00e9sentation L&rsquo;association Un peu d\u2019histoire\u2026\u2026 Jusqu\u2019en 2003, il n\u2019existait pas vraiment de courses officielles de dragster en France structur\u00e9es autour d\u2019un Championnat\u00a0; et pourtant, des bonnes volont\u00e9s parmi les pilotes fran\u00e7ais oeuvrent pour concr\u00e9tiser la mise en place du troph\u00e9e ATD\u00a0(Association Troph\u00e9e Dragster &#8211; association loi 1901) Le But de l\u2019ATD lors de sa [&hellip;]\" \/>\n<meta property=\"og:url\" content=\"https:\/\/association-trophee-dragster.com\/en\/atd\/presentation\/\" \/>\n<meta property=\"og:site_name\" content=\"Association Troph\u00e9e Dragster\" \/>\n<meta property=\"article:modified_time\" content=\"2023-02-27T12:48:48+00:00\" \/>\n<meta name=\"twitter:card\" content=\"summary_large_image\" \/>\n<meta name=\"twitter:label1\" content=\"Est. reading time\" \/>\n\t<meta name=\"twitter:data1\" content=\"3 minutes\" \/>\n<script type=\"application\/ld+json\" class=\"yoast-schema-graph\">{\"@context\":\"https:\\\/\\\/schema.org\",\"@graph\":[{\"@type\":\"WebPage\",\"@id\":\"https:\\\/\\\/association-trophee-dragster.com\\\/atd\\\/presentation\\\/\",\"url\":\"https:\\\/\\\/association-trophee-dragster.com\\\/atd\\\/presentation\\\/\",\"name\":\"Pr\u00e9sentation - Association Troph\u00e9e Dragster\",\"isPartOf\":{\"@id\":\"https:\\\/\\\/association-trophee-dragster.com\\\/#website\"},\"datePublished\":\"2021-01-08T15:05:34+00:00\",\"dateModified\":\"2023-02-27T12:48:48+00:00\",\"breadcrumb\":{\"@id\":\"https:\\\/\\\/association-trophee-dragster.com\\\/atd\\\/presentation\\\/#breadcrumb\"},\"inLanguage\":\"en-US\",\"potentialAction\":[{\"@type\":\"ReadAction\",\"target\":[\"https:\\\/\\\/association-trophee-dragster.com\\\/atd\\\/presentation\\\/\"]}]},{\"@type\":\"BreadcrumbList\",\"@id\":\"https:\\\/\\\/association-trophee-dragster.com\\\/atd\\\/presentation\\\/#breadcrumb\",\"itemListElement\":[{\"@type\":\"ListItem\",\"position\":1,\"name\":\"Accueil\",\"item\":\"https:\\\/\\\/association-trophee-dragster.com\\\/\"},{\"@type\":\"ListItem\",\"position\":2,\"name\":\"ATD\",\"item\":\"https:\\\/\\\/association-trophee-dragster.com\\\/en\\\/atd\\\/\"},{\"@type\":\"ListItem\",\"position\":3,\"name\":\"Pr\u00e9sentation\"}]},{\"@type\":\"WebSite\",\"@id\":\"https:\\\/\\\/association-trophee-dragster.com\\\/#website\",\"url\":\"https:\\\/\\\/association-trophee-dragster.com\\\/\",\"name\":\"Association Troph\u00e9e Dragster\",\"description\":\"Un site utilisant WordPress\",\"publisher\":{\"@id\":\"https:\\\/\\\/association-trophee-dragster.com\\\/#organization\"},\"potentialAction\":[{\"@type\":\"SearchAction\",\"target\":{\"@type\":\"EntryPoint\",\"urlTemplate\":\"https:\\\/\\\/association-trophee-dragster.com\\\/?s={search_term_string}\"},\"query-input\":{\"@type\":\"PropertyValueSpecification\",\"valueRequired\":true,\"valueName\":\"search_term_string\"}}],\"inLanguage\":\"en-US\"},{\"@type\":\"Organization\",\"@id\":\"https:\\\/\\\/association-trophee-dragster.com\\\/#organization\",\"name\":\"Association Troph\u00e9e Dragster\",\"url\":\"https:\\\/\\\/association-trophee-dragster.com\\\/\",\"logo\":{\"@type\":\"ImageObject\",\"inLanguage\":\"en-US\",\"@id\":\"https:\\\/\\\/association-trophee-dragster.com\\\/#\\\/schema\\\/logo\\\/image\\\/\",\"url\":\"https:\\\/\\\/association-trophee-dragster.com\\\/wp-content\\\/uploads\\\/2021\\\/02\\\/Trophee-2021-blanc.png\",\"contentUrl\":\"https:\\\/\\\/association-trophee-dragster.com\\\/wp-content\\\/uploads\\\/2021\\\/02\\\/Trophee-2021-blanc.png\",\"width\":1774,\"height\":1230,\"caption\":\"Association Troph\u00e9e Dragster\"},\"image\":{\"@id\":\"https:\\\/\\\/association-trophee-dragster.com\\\/#\\\/schema\\\/logo\\\/image\\\/\"}}]}<\/script>\n<!-- \/ Yoast SEO plugin. -->","yoast_head_json":{"title":"Pr\u00e9sentation - Association Troph\u00e9e Dragster","robots":{"index":"index","follow":"follow","max-snippet":"max-snippet:-1","max-image-preview":"max-image-preview:large","max-video-preview":"max-video-preview:-1"},"canonical":"https:\/\/association-trophee-dragster.com\/en\/atd\/presentation\/","og_locale":"en_US","og_type":"article","og_title":"Pr\u00e9sentation - Association Troph\u00e9e Dragster","og_description":"ATD Pr\u00e9sentation L&rsquo;association Un peu d\u2019histoire\u2026\u2026 Jusqu\u2019en 2003, il n\u2019existait pas vraiment de courses officielles de dragster en France structur\u00e9es autour d\u2019un Championnat\u00a0; et pourtant, des bonnes volont\u00e9s parmi les pilotes fran\u00e7ais oeuvrent pour concr\u00e9tiser la mise en place du troph\u00e9e ATD\u00a0(Association Troph\u00e9e Dragster &#8211; association loi 1901) Le But de l\u2019ATD lors de sa [&hellip;]","og_url":"https:\/\/association-trophee-dragster.com\/en\/atd\/presentation\/","og_site_name":"Association Troph\u00e9e Dragster","article_modified_time":"2023-02-27T12:48:48+00:00","twitter_card":"summary_large_image","twitter_misc":{"Est. reading time":"3 minutes"},"schema":{"@context":"https:\/\/schema.org","@graph":[{"@type":"WebPage","@id":"https:\/\/association-trophee-dragster.com\/atd\/presentation\/","url":"https:\/\/association-trophee-dragster.com\/atd\/presentation\/","name":"Pr\u00e9sentation - Association Troph\u00e9e Dragster","isPartOf":{"@id":"https:\/\/association-trophee-dragster.com\/#website"},"datePublished":"2021-01-08T15:05:34+00:00","dateModified":"2023-02-27T12:48:48+00:00","breadcrumb":{"@id":"https:\/\/association-trophee-dragster.com\/atd\/presentation\/#breadcrumb"},"inLanguage":"en-US","potentialAction":[{"@type":"ReadAction","target":["https:\/\/association-trophee-dragster.com\/atd\/presentation\/"]}]},{"@type":"BreadcrumbList","@id":"https:\/\/association-trophee-dragster.com\/atd\/presentation\/#breadcrumb","itemListElement":[{"@type":"ListItem","position":1,"name":"Accueil","item":"https:\/\/association-trophee-dragster.com\/"},{"@type":"ListItem","position":2,"name":"ATD","item":"https:\/\/association-trophee-dragster.com\/en\/atd\/"},{"@type":"ListItem","position":3,"name":"Pr\u00e9sentation"}]},{"@type":"WebSite","@id":"https:\/\/association-trophee-dragster.com\/#website","url":"https:\/\/association-trophee-dragster.com\/","name":"Dragster Trophy Association","description":"Un site utilisant WordPress","publisher":{"@id":"https:\/\/association-trophee-dragster.com\/#organization"},"potentialAction":[{"@type":"SearchAction","target":{"@type":"EntryPoint","urlTemplate":"https:\/\/association-trophee-dragster.com\/?s={search_term_string}"},"query-input":{"@type":"PropertyValueSpecification","valueRequired":true,"valueName":"search_term_string"}}],"inLanguage":"en-US"},{"@type":"Organization","@id":"https:\/\/association-trophee-dragster.com\/#organization","name":"Dragster Trophy Association","url":"https:\/\/association-trophee-dragster.com\/","logo":{"@type":"ImageObject","inLanguage":"en-US","@id":"https:\/\/association-trophee-dragster.com\/#\/schema\/logo\/image\/","url":"https:\/\/association-trophee-dragster.com\/wp-content\/uploads\/2021\/02\/Trophee-2021-blanc.png","contentUrl":"https:\/\/association-trophee-dragster.com\/wp-content\/uploads\/2021\/02\/Trophee-2021-blanc.png","width":1774,"height":1230,"caption":"Association Troph\u00e9e Dragster"},"image":{"@id":"https:\/\/association-trophee-dragster.com\/#\/schema\/logo\/image\/"}}]}},"_links":{"self":[{"href":"https:\/\/association-trophee-dragster.com\/en\/wp-json\/wp\/v2\/pages\/433","targetHints":{"allow":["GET"]}}],"collection":[{"href":"https:\/\/association-trophee-dragster.com\/en\/wp-json\/wp\/v2\/pages"}],"about":[{"href":"https:\/\/association-trophee-dragster.com\/en\/wp-json\/wp\/v2\/types\/page"}],"author":[{"embeddable":true,"href":"https:\/\/association-trophee-dragster.com\/en\/wp-json\/wp\/v2\/users\/1"}],"replies":[{"embeddable":true,"href":"https:\/\/association-trophee-dragster.com\/en\/wp-json\/wp\/v2\/comments?post=433"}],"version-history":[{"count":8,"href":"https:\/\/association-trophee-dragster.com\/en\/wp-json\/wp\/v2\/pages\/433\/revisions"}],"predecessor-version":[{"id":3334,"href":"https:\/\/association-trophee-dragster.com\/en\/wp-json\/wp\/v2\/pages\/433\/revisions\/3334"}],"up":[{"embeddable":true,"href":"https:\/\/association-trophee-dragster.com\/en\/wp-json\/wp\/v2\/pages\/426"}],"wp:attachment":[{"href":"https:\/\/association-trophee-dragster.com\/en\/wp-json\/wp\/v2\/media?parent=433"}],"curies":[{"name":"wp","href":"https:\/\/api.w.org\/{rel}","templated":true}]}}