{"id":3963,"date":"2024-04-02T14:18:59","date_gmt":"2024-04-02T12:18:59","guid":{"rendered":"https:\/\/association-trophee-dragster.com\/?page_id=3963"},"modified":"2024-04-02T14:27:00","modified_gmt":"2024-04-02T12:27:00","slug":"courir-a-letranger","status":"publish","type":"page","link":"https:\/\/association-trophee-dragster.com\/en\/trophee\/courir-a-letranger\/","title":{"rendered":"Courir \u00e0 l&rsquo;\u00e9tranger"},"content":{"rendered":"<div data-elementor-type=\"wp-page\" data-elementor-id=\"3963\" class=\"elementor elementor-3963\" data-elementor-post-type=\"page\">\n\t\t\t\t\t\t<section class=\"elementor-section elementor-top-section elementor-element elementor-element-zmkisfp elementor-section-boxed elementor-section-height-default elementor-section-height-default\" data-id=\"zmkisfp\" data-element_type=\"section\" data-e-type=\"section\" data-settings=\"{&quot;background_background&quot;:&quot;classic&quot;}\">\n\t\t\t\t\t\t\t<div class=\"elementor-background-overlay\"><\/div>\n\t\t\t\t\t\t\t<div class=\"elementor-container elementor-column-gap-default\">\n\t\t\t\t\t<div class=\"elementor-column elementor-col-100 elementor-top-column elementor-element elementor-element-oexsiwn\" data-id=\"oexsiwn\" data-element_type=\"column\" data-e-type=\"column\">\n\t\t\t<div class=\"elementor-widget-wrap elementor-element-populated\">\n\t\t\t\t\t\t<div class=\"elementor-element elementor-element-p5cs9oh elementor-widget elementor-widget-heading\" data-id=\"p5cs9oh\" data-element_type=\"widget\" data-e-type=\"widget\" data-widget_type=\"heading.default\">\n\t\t\t\t<div class=\"elementor-widget-container\">\n\t\t\t\t\t<h2 class=\"elementor-heading-title elementor-size-default\">REGULATION <\/h2>\t\t\t\t<\/div>\n\t\t\t\t<\/div>\n\t\t\t\t<div class=\"elementor-element elementor-element-o1hzh7z elementor-widget elementor-widget-text-editor\" data-id=\"o1hzh7z\" data-element_type=\"widget\" data-e-type=\"widget\" data-widget_type=\"text-editor.default\">\n\t\t\t\t<div class=\"elementor-widget-container\">\n\t\t\t\t\t\t\t\t\t<p>Courir \u00e0 l&rsquo;\u00e9tranger<\/p>\t\t\t\t\t\t\t\t<\/div>\n\t\t\t\t<\/div>\n\t\t\t\t\t<\/div>\n\t\t<\/div>\n\t\t\t\t\t<\/div>\n\t\t<\/section>\n\t\t\t\t<section class=\"elementor-section elementor-top-section elementor-element elementor-element-e8aad2e elementor-section-boxed elementor-section-height-default elementor-section-height-default\" data-id=\"e8aad2e\" data-element_type=\"section\" data-e-type=\"section\">\n\t\t\t\t\t\t<div class=\"elementor-container elementor-column-gap-default\">\n\t\t\t\t\t<div class=\"elementor-column elementor-col-100 elementor-top-column elementor-element elementor-element-6d1e91f\" data-id=\"6d1e91f\" data-element_type=\"column\" data-e-type=\"column\">\n\t\t\t<div class=\"elementor-widget-wrap elementor-element-populated\">\n\t\t\t\t\t\t<div class=\"elementor-element elementor-element-fefc141 elementor-widget elementor-widget-image\" data-id=\"fefc141\" data-element_type=\"widget\" data-e-type=\"widget\" data-widget_type=\"image.default\">\n\t\t\t\t<div class=\"elementor-widget-container\">\n\t\t\t\t\t\t\t\t\t\t\t\t\t\t\t\t<a href=\"https:\/\/l.infos.ffsa.org\/T\/OFSYS\/SM3\/1650\/2\/S\/F\/17265907\/5993695\/nqGhPTiZ.html\" target=\"_blank\">\n\t\t\t\t\t\t\t<img fetchpriority=\"high\" decoding=\"async\" width=\"1304\" height=\"2334\" src=\"https:\/\/association-trophee-dragster.com\/wp-content\/uploads\/2024\/04\/Participation-a-une-epreuve-etrangere.png\" class=\"attachment-full size-full wp-image-3966\" alt=\"Participation \u00e0 une \u00e9preuve \u00e9trang\u00e8re\" srcset=\"https:\/\/association-trophee-dragster.com\/wp-content\/uploads\/2024\/04\/Participation-a-une-epreuve-etrangere.png 1304w, https:\/\/association-trophee-dragster.com\/wp-content\/uploads\/2024\/04\/Participation-a-une-epreuve-etrangere-168x300.png 168w, https:\/\/association-trophee-dragster.com\/wp-content\/uploads\/2024\/04\/Participation-a-une-epreuve-etrangere-572x1024.png 572w, https:\/\/association-trophee-dragster.com\/wp-content\/uploads\/2024\/04\/Participation-a-une-epreuve-etrangere-768x1375.png 768w, https:\/\/association-trophee-dragster.com\/wp-content\/uploads\/2024\/04\/Participation-a-une-epreuve-etrangere-858x1536.png 858w, https:\/\/association-trophee-dragster.com\/wp-content\/uploads\/2024\/04\/Participation-a-une-epreuve-etrangere-1144x2048.png 1144w, https:\/\/association-trophee-dragster.com\/wp-content\/uploads\/2024\/04\/Participation-a-une-epreuve-etrangere-7x12.png 7w\" sizes=\"(max-width: 1304px) 100vw, 1304px\" \/>\t\t\t\t\t\t\t\t<\/a>\n\t\t\t\t\t\t\t\t\t\t\t\t\t\t\t<\/div>\n\t\t\t\t<\/div>\n\t\t\t\t\t<\/div>\n\t\t<\/div>\n\t\t\t\t\t<\/div>\n\t\t<\/section>\n\t\t\t\t<\/div>","protected":false},"excerpt":{"rendered":"<p>R\u00c9GLEMENTATION Courir \u00e0 l&rsquo;\u00e9tranger<\/p>","protected":false},"author":1,"featured_media":0,"parent":498,"menu_order":0,"comment_status":"closed","ping_status":"closed","template":"","meta":{"ocean_post_layout":"full-screen","ocean_both_sidebars_style":"","ocean_both_sidebars_content_width":0,"ocean_both_sidebars_sidebars_width":0,"ocean_sidebar":"0","ocean_second_sidebar":"0","ocean_disable_margins":"on","ocean_add_body_class":"","ocean_shortcode_before_top_bar":"","ocean_shortcode_after_top_bar":"","ocean_shortcode_before_header":"","ocean_shortcode_after_header":"","ocean_has_shortcode":"","ocean_shortcode_after_title":"","ocean_shortcode_before_footer_widgets":"","ocean_shortcode_after_footer_widgets":"","ocean_shortcode_before_footer_bottom":"","ocean_shortcode_after_footer_bottom":"","ocean_display_top_bar":"default","ocean_display_header":"default","ocean_header_style":"","ocean_center_header_left_menu":"0","ocean_custom_header_template":"0","ocean_custom_logo":0,"ocean_custom_retina_logo":0,"ocean_custom_logo_max_width":0,"ocean_custom_logo_tablet_max_width":0,"ocean_custom_logo_mobile_max_width":0,"ocean_custom_logo_max_height":0,"ocean_custom_logo_tablet_max_height":0,"ocean_custom_logo_mobile_max_height":0,"ocean_header_custom_menu":"0","ocean_menu_typo_font_family":"0","ocean_menu_typo_font_subset":"","ocean_menu_typo_font_size":0,"ocean_menu_typo_font_size_tablet":0,"ocean_menu_typo_font_size_mobile":0,"ocean_menu_typo_font_size_unit":"px","ocean_menu_typo_font_weight":"","ocean_menu_typo_font_weight_tablet":"","ocean_menu_typo_font_weight_mobile":"","ocean_menu_typo_transform":"","ocean_menu_typo_transform_tablet":"","ocean_menu_typo_transform_mobile":"","ocean_menu_typo_line_height":0,"ocean_menu_typo_line_height_tablet":0,"ocean_menu_typo_line_height_mobile":0,"ocean_menu_typo_line_height_unit":"","ocean_menu_typo_spacing":0,"ocean_menu_typo_spacing_tablet":0,"ocean_menu_typo_spacing_mobile":0,"ocean_menu_typo_spacing_unit":"","ocean_menu_link_color":"","ocean_menu_link_color_hover":"","ocean_menu_link_color_active":"","ocean_menu_link_background":"","ocean_menu_link_hover_background":"","ocean_menu_link_active_background":"","ocean_menu_social_links_bg":"","ocean_menu_social_hover_links_bg":"","ocean_menu_social_links_color":"","ocean_menu_social_hover_links_color":"","ocean_disable_title":"on","ocean_disable_heading":"default","ocean_post_title":"","ocean_post_subheading":"Discover more about our story","ocean_post_title_style":"background-image","ocean_post_title_background_color":"","ocean_post_title_background":0,"ocean_post_title_bg_image_position":"","ocean_post_title_bg_image_attachment":"","ocean_post_title_bg_image_repeat":"","ocean_post_title_bg_image_size":"","ocean_post_title_height":0,"ocean_post_title_bg_overlay":0.5,"ocean_post_title_bg_overlay_color":"","ocean_disable_breadcrumbs":"default","ocean_breadcrumbs_color":"","ocean_breadcrumbs_separator_color":"","ocean_breadcrumbs_links_color":"","ocean_breadcrumbs_links_hover_color":"","ocean_display_footer_widgets":"default","ocean_display_footer_bottom":"default","ocean_custom_footer_template":"0","footnotes":""},"class_list":["post-3963","page","type-page","status-publish","hentry","entry"],"yoast_head":"<!-- This site is optimized with the Yoast SEO plugin v27.3 - https:\/\/yoast.com\/product\/yoast-seo-wordpress\/ -->\n<title>Courir \u00e0 l&#039;\u00e9tranger - Association Troph\u00e9e Dragster<\/title>\n<meta name=\"robots\" content=\"index, follow, max-snippet:-1, max-image-preview:large, max-video-preview:-1\" \/>\n<link rel=\"canonical\" href=\"https:\/\/association-trophee-dragster.com\/en\/trophee\/courir-a-letranger\/\" \/>\n<meta property=\"og:locale\" content=\"en_US\" \/>\n<meta property=\"og:type\" content=\"article\" \/>\n<meta property=\"og:title\" content=\"Courir \u00e0 l&#039;\u00e9tranger - Association Troph\u00e9e Dragster\" \/>\n<meta property=\"og:description\" content=\"R\u00c9GLEMENTATION Courir \u00e0 l&rsquo;\u00e9tranger\" \/>\n<meta property=\"og:url\" content=\"https:\/\/association-trophee-dragster.com\/en\/trophee\/courir-a-letranger\/\" \/>\n<meta property=\"og:site_name\" content=\"Association Troph\u00e9e Dragster\" \/>\n<meta property=\"article:modified_time\" content=\"2024-04-02T12:27:00+00:00\" \/>\n<meta property=\"og:image\" content=\"https:\/\/association-trophee-dragster.com\/wp-content\/uploads\/2024\/04\/Participation-a-une-epreuve-etrangere.png\" \/>\n<meta name=\"twitter:card\" content=\"summary_large_image\" \/>\n<script type=\"application\/ld+json\" class=\"yoast-schema-graph\">{\"@context\":\"https:\\\/\\\/schema.org\",\"@graph\":[{\"@type\":\"WebPage\",\"@id\":\"https:\\\/\\\/association-trophee-dragster.com\\\/trophee\\\/courir-a-letranger\\\/\",\"url\":\"https:\\\/\\\/association-trophee-dragster.com\\\/trophee\\\/courir-a-letranger\\\/\",\"name\":\"Courir \u00e0 l'\u00e9tranger - Association Troph\u00e9e Dragster\",\"isPartOf\":{\"@id\":\"https:\\\/\\\/association-trophee-dragster.com\\\/#website\"},\"primaryImageOfPage\":{\"@id\":\"https:\\\/\\\/association-trophee-dragster.com\\\/trophee\\\/courir-a-letranger\\\/#primaryimage\"},\"image\":{\"@id\":\"https:\\\/\\\/association-trophee-dragster.com\\\/trophee\\\/courir-a-letranger\\\/#primaryimage\"},\"thumbnailUrl\":\"https:\\\/\\\/association-trophee-dragster.com\\\/wp-content\\\/uploads\\\/2024\\\/04\\\/Participation-a-une-epreuve-etrangere.png\",\"datePublished\":\"2024-04-02T12:18:59+00:00\",\"dateModified\":\"2024-04-02T12:27:00+00:00\",\"breadcrumb\":{\"@id\":\"https:\\\/\\\/association-trophee-dragster.com\\\/trophee\\\/courir-a-letranger\\\/#breadcrumb\"},\"inLanguage\":\"en-US\",\"potentialAction\":[{\"@type\":\"ReadAction\",\"target\":[\"https:\\\/\\\/association-trophee-dragster.com\\\/trophee\\\/courir-a-letranger\\\/\"]}]},{\"@type\":\"ImageObject\",\"inLanguage\":\"en-US\",\"@id\":\"https:\\\/\\\/association-trophee-dragster.com\\\/trophee\\\/courir-a-letranger\\\/#primaryimage\",\"url\":\"https:\\\/\\\/association-trophee-dragster.com\\\/wp-content\\\/uploads\\\/2024\\\/04\\\/Participation-a-une-epreuve-etrangere.png\",\"contentUrl\":\"https:\\\/\\\/association-trophee-dragster.com\\\/wp-content\\\/uploads\\\/2024\\\/04\\\/Participation-a-une-epreuve-etrangere.png\"},{\"@type\":\"BreadcrumbList\",\"@id\":\"https:\\\/\\\/association-trophee-dragster.com\\\/trophee\\\/courir-a-letranger\\\/#breadcrumb\",\"itemListElement\":[{\"@type\":\"ListItem\",\"position\":1,\"name\":\"Accueil\",\"item\":\"https:\\\/\\\/association-trophee-dragster.com\\\/\"},{\"@type\":\"ListItem\",\"position\":2,\"name\":\"R\u00e8glement du troph\u00e9e\",\"item\":\"https:\\\/\\\/association-trophee-dragster.com\\\/trophee\\\/\"},{\"@type\":\"ListItem\",\"position\":3,\"name\":\"Courir \u00e0 l&rsquo;\u00e9tranger\"}]},{\"@type\":\"WebSite\",\"@id\":\"https:\\\/\\\/association-trophee-dragster.com\\\/#website\",\"url\":\"https:\\\/\\\/association-trophee-dragster.com\\\/\",\"name\":\"Association Troph\u00e9e Dragster\",\"description\":\"Un site utilisant WordPress\",\"publisher\":{\"@id\":\"https:\\\/\\\/association-trophee-dragster.com\\\/#organization\"},\"potentialAction\":[{\"@type\":\"SearchAction\",\"target\":{\"@type\":\"EntryPoint\",\"urlTemplate\":\"https:\\\/\\\/association-trophee-dragster.com\\\/?s={search_term_string}\"},\"query-input\":{\"@type\":\"PropertyValueSpecification\",\"valueRequired\":true,\"valueName\":\"search_term_string\"}}],\"inLanguage\":\"en-US\"},{\"@type\":\"Organization\",\"@id\":\"https:\\\/\\\/association-trophee-dragster.com\\\/#organization\",\"name\":\"Association Troph\u00e9e Dragster\",\"url\":\"https:\\\/\\\/association-trophee-dragster.com\\\/\",\"logo\":{\"@type\":\"ImageObject\",\"inLanguage\":\"en-US\",\"@id\":\"https:\\\/\\\/association-trophee-dragster.com\\\/#\\\/schema\\\/logo\\\/image\\\/\",\"url\":\"https:\\\/\\\/association-trophee-dragster.com\\\/wp-content\\\/uploads\\\/2021\\\/02\\\/Trophee-2021-blanc.png\",\"contentUrl\":\"https:\\\/\\\/association-trophee-dragster.com\\\/wp-content\\\/uploads\\\/2021\\\/02\\\/Trophee-2021-blanc.png\",\"width\":1774,\"height\":1230,\"caption\":\"Association Troph\u00e9e Dragster\"},\"image\":{\"@id\":\"https:\\\/\\\/association-trophee-dragster.com\\\/#\\\/schema\\\/logo\\\/image\\\/\"}}]}<\/script>\n<!-- \/ Yoast SEO plugin. -->","yoast_head_json":{"title":"Courir \u00e0 l'\u00e9tranger - Association Troph\u00e9e Dragster","robots":{"index":"index","follow":"follow","max-snippet":"max-snippet:-1","max-image-preview":"max-image-preview:large","max-video-preview":"max-video-preview:-1"},"canonical":"https:\/\/association-trophee-dragster.com\/en\/trophee\/courir-a-letranger\/","og_locale":"en_US","og_type":"article","og_title":"Courir \u00e0 l'\u00e9tranger - Association Troph\u00e9e Dragster","og_description":"R\u00c9GLEMENTATION Courir \u00e0 l&rsquo;\u00e9tranger","og_url":"https:\/\/association-trophee-dragster.com\/en\/trophee\/courir-a-letranger\/","og_site_name":"Association Troph\u00e9e Dragster","article_modified_time":"2024-04-02T12:27:00+00:00","og_image":[{"url":"https:\/\/association-trophee-dragster.com\/wp-content\/uploads\/2024\/04\/Participation-a-une-epreuve-etrangere.png","type":"","width":"","height":""}],"twitter_card":"summary_large_image","schema":{"@context":"https:\/\/schema.org","@graph":[{"@type":"WebPage","@id":"https:\/\/association-trophee-dragster.com\/trophee\/courir-a-letranger\/","url":"https:\/\/association-trophee-dragster.com\/trophee\/courir-a-letranger\/","name":"Courir \u00e0 l'\u00e9tranger - Association Troph\u00e9e Dragster","isPartOf":{"@id":"https:\/\/association-trophee-dragster.com\/#website"},"primaryImageOfPage":{"@id":"https:\/\/association-trophee-dragster.com\/trophee\/courir-a-letranger\/#primaryimage"},"image":{"@id":"https:\/\/association-trophee-dragster.com\/trophee\/courir-a-letranger\/#primaryimage"},"thumbnailUrl":"https:\/\/association-trophee-dragster.com\/wp-content\/uploads\/2024\/04\/Participation-a-une-epreuve-etrangere.png","datePublished":"2024-04-02T12:18:59+00:00","dateModified":"2024-04-02T12:27:00+00:00","breadcrumb":{"@id":"https:\/\/association-trophee-dragster.com\/trophee\/courir-a-letranger\/#breadcrumb"},"inLanguage":"en-US","potentialAction":[{"@type":"ReadAction","target":["https:\/\/association-trophee-dragster.com\/trophee\/courir-a-letranger\/"]}]},{"@type":"ImageObject","inLanguage":"en-US","@id":"https:\/\/association-trophee-dragster.com\/trophee\/courir-a-letranger\/#primaryimage","url":"https:\/\/association-trophee-dragster.com\/wp-content\/uploads\/2024\/04\/Participation-a-une-epreuve-etrangere.png","contentUrl":"https:\/\/association-trophee-dragster.com\/wp-content\/uploads\/2024\/04\/Participation-a-une-epreuve-etrangere.png"},{"@type":"BreadcrumbList","@id":"https:\/\/association-trophee-dragster.com\/trophee\/courir-a-letranger\/#breadcrumb","itemListElement":[{"@type":"ListItem","position":1,"name":"Accueil","item":"https:\/\/association-trophee-dragster.com\/"},{"@type":"ListItem","position":2,"name":"R\u00e8glement du troph\u00e9e","item":"https:\/\/association-trophee-dragster.com\/trophee\/"},{"@type":"ListItem","position":3,"name":"Courir \u00e0 l&rsquo;\u00e9tranger"}]},{"@type":"WebSite","@id":"https:\/\/association-trophee-dragster.com\/#website","url":"https:\/\/association-trophee-dragster.com\/","name":"Dragster Trophy Association","description":"Un site utilisant WordPress","publisher":{"@id":"https:\/\/association-trophee-dragster.com\/#organization"},"potentialAction":[{"@type":"SearchAction","target":{"@type":"EntryPoint","urlTemplate":"https:\/\/association-trophee-dragster.com\/?s={search_term_string}"},"query-input":{"@type":"PropertyValueSpecification","valueRequired":true,"valueName":"search_term_string"}}],"inLanguage":"en-US"},{"@type":"Organization","@id":"https:\/\/association-trophee-dragster.com\/#organization","name":"Dragster Trophy Association","url":"https:\/\/association-trophee-dragster.com\/","logo":{"@type":"ImageObject","inLanguage":"en-US","@id":"https:\/\/association-trophee-dragster.com\/#\/schema\/logo\/image\/","url":"https:\/\/association-trophee-dragster.com\/wp-content\/uploads\/2021\/02\/Trophee-2021-blanc.png","contentUrl":"https:\/\/association-trophee-dragster.com\/wp-content\/uploads\/2021\/02\/Trophee-2021-blanc.png","width":1774,"height":1230,"caption":"Association Troph\u00e9e Dragster"},"image":{"@id":"https:\/\/association-trophee-dragster.com\/#\/schema\/logo\/image\/"}}]}},"_links":{"self":[{"href":"https:\/\/association-trophee-dragster.com\/en\/wp-json\/wp\/v2\/pages\/3963","targetHints":{"allow":["GET"]}}],"collection":[{"href":"https:\/\/association-trophee-dragster.com\/en\/wp-json\/wp\/v2\/pages"}],"about":[{"href":"https:\/\/association-trophee-dragster.com\/en\/wp-json\/wp\/v2\/types\/page"}],"author":[{"embeddable":true,"href":"https:\/\/association-trophee-dragster.com\/en\/wp-json\/wp\/v2\/users\/1"}],"replies":[{"embeddable":true,"href":"https:\/\/association-trophee-dragster.com\/en\/wp-json\/wp\/v2\/comments?post=3963"}],"version-history":[{"count":8,"href":"https:\/\/association-trophee-dragster.com\/en\/wp-json\/wp\/v2\/pages\/3963\/revisions"}],"predecessor-version":[{"id":3972,"href":"https:\/\/association-trophee-dragster.com\/en\/wp-json\/wp\/v2\/pages\/3963\/revisions\/3972"}],"up":[{"embeddable":true,"href":"https:\/\/association-trophee-dragster.com\/en\/wp-json\/wp\/v2\/pages\/498"}],"wp:attachment":[{"href":"https:\/\/association-trophee-dragster.com\/en\/wp-json\/wp\/v2\/media?parent=3963"}],"curies":[{"name":"wp","href":"https:\/\/api.w.org\/{rel}","templated":true}]}}