{"id":1536,"date":"2021-04-15T00:24:19","date_gmt":"2021-04-14T22:24:19","guid":{"rendered":"https:\/\/association-trophee-dragster.com\/?page_id=1536"},"modified":"2025-02-28T14:50:29","modified_gmt":"2025-02-28T13:50:29","slug":"yellow-people","status":"publish","type":"page","link":"https:\/\/association-trophee-dragster.com\/en\/atd\/yellow-people\/","title":{"rendered":"Yellow People"},"content":{"rendered":"<div data-elementor-type=\"wp-page\" data-elementor-id=\"1536\" class=\"elementor elementor-1536\" data-elementor-post-type=\"page\">\n\t\t\t\t\t\t<section class=\"elementor-section elementor-top-section elementor-element elementor-element-zmkisfp elementor-section-boxed elementor-section-height-default elementor-section-height-default\" data-id=\"zmkisfp\" data-element_type=\"section\" data-e-type=\"section\" data-settings=\"{&quot;background_background&quot;:&quot;classic&quot;}\">\n\t\t\t\t\t\t\t<div class=\"elementor-background-overlay\"><\/div>\n\t\t\t\t\t\t\t<div class=\"elementor-container elementor-column-gap-default\">\n\t\t\t\t\t<div class=\"elementor-column elementor-col-33 elementor-top-column elementor-element elementor-element-xhopvah\" data-id=\"xhopvah\" data-element_type=\"column\" data-e-type=\"column\">\n\t\t\t<div class=\"elementor-widget-wrap\">\n\t\t\t\t\t\t\t<\/div>\n\t\t<\/div>\n\t\t\t\t<div class=\"elementor-column elementor-col-33 elementor-top-column elementor-element elementor-element-oexsiwn\" data-id=\"oexsiwn\" data-element_type=\"column\" data-e-type=\"column\">\n\t\t\t<div class=\"elementor-widget-wrap elementor-element-populated\">\n\t\t\t\t\t\t<div class=\"elementor-element elementor-element-p5cs9oh elementor-widget elementor-widget-heading\" data-id=\"p5cs9oh\" data-element_type=\"widget\" data-e-type=\"widget\" data-widget_type=\"heading.default\">\n\t\t\t\t<div class=\"elementor-widget-container\">\n\t\t\t\t\t<h2 class=\"elementor-heading-title elementor-size-default\">ATD<\/h2>\t\t\t\t<\/div>\n\t\t\t\t<\/div>\n\t\t\t\t<div class=\"elementor-element elementor-element-o1hzh7z elementor-widget elementor-widget-text-editor\" data-id=\"o1hzh7z\" data-element_type=\"widget\" data-e-type=\"widget\" data-widget_type=\"text-editor.default\">\n\t\t\t\t<div class=\"elementor-widget-container\">\n\t\t\t\t\t\t\t\t\t<p>Yellow People<\/p>\t\t\t\t\t\t\t\t<\/div>\n\t\t\t\t<\/div>\n\t\t\t\t\t<\/div>\n\t\t<\/div>\n\t\t\t\t<div class=\"elementor-column elementor-col-33 elementor-top-column elementor-element elementor-element-trzegqp\" data-id=\"trzegqp\" data-element_type=\"column\" data-e-type=\"column\">\n\t\t\t<div class=\"elementor-widget-wrap\">\n\t\t\t\t\t\t\t<\/div>\n\t\t<\/div>\n\t\t\t\t\t<\/div>\n\t\t<\/section>\n\t\t\t\t<section class=\"elementor-section elementor-top-section elementor-element elementor-element-a4afa98 elementor-section-boxed elementor-section-height-default elementor-section-height-default\" data-id=\"a4afa98\" data-element_type=\"section\" data-e-type=\"section\">\n\t\t\t\t\t\t<div class=\"elementor-container elementor-column-gap-default\">\n\t\t\t\t\t<div class=\"elementor-column elementor-col-100 elementor-top-column elementor-element elementor-element-1ae6d85\" data-id=\"1ae6d85\" data-element_type=\"column\" data-e-type=\"column\">\n\t\t\t<div class=\"elementor-widget-wrap elementor-element-populated\">\n\t\t\t\t\t\t<div class=\"elementor-element elementor-element-18f1a60 elementor-widget elementor-widget-heading\" data-id=\"18f1a60\" data-element_type=\"widget\" data-e-type=\"widget\" data-widget_type=\"heading.default\">\n\t\t\t\t<div class=\"elementor-widget-container\">\n\t\t\t\t\t<h2 class=\"elementor-heading-title elementor-size-default\">YELLOW PEOPLE? What's that?<\/h2>\t\t\t\t<\/div>\n\t\t\t\t<\/div>\n\t\t\t\t<div class=\"elementor-element elementor-element-0554397 elementor-widget elementor-widget-text-editor\" data-id=\"0554397\" data-element_type=\"widget\" data-e-type=\"widget\" data-widget_type=\"text-editor.default\">\n\t\t\t\t<div class=\"elementor-widget-container\">\n\t\t\t\t\t\t\t\t\t<p>A \"yellow people\" (YP) is a volunteer who participates in the smooth running of the race. Because without volunteers, nothing happens.<\/p>\n<p>You want to experience the race from the inside, proudly wearing the yellow YP T-shirt, then contact us and join the ranks of these indispensable people.<\/p>\n<p>The YP positions are varied, with a presence on the track but also on other positions. Whenever possible, there are rotations to allow you to enjoy the whole event.<\/p>\n<p>The advantages... you will experience the competition from the inside, and sometimes very closely, talk to the drivers and be at the heart of the action.<\/p>\n<p class=\"p1\">The distribution of jobs is done by the \"Sheriff of the DTA\", a key figure in the track device.<\/p>\n<p class=\"p1\">You want to join us, send an email to the Sheriff<\/p>\t\t\t\t\t\t\t\t<\/div>\n\t\t\t\t<\/div>\n\t\t\t\t<div class=\"elementor-element elementor-element-ebcbf21 elementor-widget elementor-widget-image\" data-id=\"ebcbf21\" data-element_type=\"widget\" data-e-type=\"widget\" data-widget_type=\"image.default\">\n\t\t\t\t<div class=\"elementor-widget-container\">\n\t\t\t\t\t\t\t\t\t\t\t\t\t\t\t<img fetchpriority=\"high\" decoding=\"async\" width=\"640\" height=\"480\" src=\"https:\/\/association-trophee-dragster.com\/wp-content\/uploads\/2025\/02\/yellow_people.jpeg\" class=\"attachment-large size-large wp-image-4462\" alt=\"\" srcset=\"https:\/\/association-trophee-dragster.com\/wp-content\/uploads\/2025\/02\/yellow_people.jpeg 640w, https:\/\/association-trophee-dragster.com\/wp-content\/uploads\/2025\/02\/yellow_people-300x225.jpeg 300w, https:\/\/association-trophee-dragster.com\/wp-content\/uploads\/2025\/02\/yellow_people-16x12.jpeg 16w\" sizes=\"(max-width: 640px) 100vw, 640px\" \/>\t\t\t\t\t\t\t\t\t\t\t\t\t\t\t<\/div>\n\t\t\t\t<\/div>\n\t\t\t\t<div class=\"elementor-element elementor-element-d51e183 elementor-widget elementor-widget-heading\" data-id=\"d51e183\" data-element_type=\"widget\" data-e-type=\"widget\" data-widget_type=\"heading.default\">\n\t\t\t\t<div class=\"elementor-widget-container\">\n\t\t\t\t\t<h2 class=\"elementor-heading-title elementor-size-default\">YELLOW PEOPLE one day, pilot another day.<\/h2>\t\t\t\t<\/div>\n\t\t\t\t<\/div>\n\t\t\t\t<section class=\"elementor-section elementor-inner-section elementor-element elementor-element-18ab13b elementor-section-boxed elementor-section-height-default elementor-section-height-default\" data-id=\"18ab13b\" data-element_type=\"section\" data-e-type=\"section\">\n\t\t\t\t\t\t<div class=\"elementor-container elementor-column-gap-default\">\n\t\t\t\t\t<div class=\"elementor-column elementor-col-50 elementor-inner-column elementor-element elementor-element-c03ed65\" data-id=\"c03ed65\" data-element_type=\"column\" data-e-type=\"column\">\n\t\t\t<div class=\"elementor-widget-wrap elementor-element-populated\">\n\t\t\t\t\t\t<div class=\"elementor-element elementor-element-17a8de3 elementor-widget elementor-widget-text-editor\" data-id=\"17a8de3\" data-element_type=\"widget\" data-e-type=\"widget\" data-widget_type=\"text-editor.default\">\n\t\t\t\t<div class=\"elementor-widget-container\">\n\t\t\t\t\t\t\t\t\t<p class=\"p1\">The motivation of the YP can also become extreme with the example of our former YP Renaud REVOLLON. Renaud worked for DTA for 10 years, reaching the prestigious position of \"dispatcher\" with experience and decided one day in 2018, to switch to the dark side of the force, to become a PILOT!<\/p>\t\t\t\t\t\t\t\t<\/div>\n\t\t\t\t<\/div>\n\t\t\t\t<div class=\"elementor-element elementor-element-b8cdd72 elementor-align-center elementor-widget elementor-widget-button\" data-id=\"b8cdd72\" data-element_type=\"widget\" data-e-type=\"widget\" data-widget_type=\"button.default\">\n\t\t\t\t<div class=\"elementor-widget-container\">\n\t\t\t\t\t\t\t\t\t<div class=\"elementor-button-wrapper\">\n\t\t\t\t\t<a class=\"elementor-button elementor-button-link elementor-size-sm\" href=\"https:\/\/www.facebook.com\/AssociationTropheeDragster\/posts\/10156235528392107\">\n\t\t\t\t\t\t<span class=\"elementor-button-content-wrapper\">\n\t\t\t\t\t\t\t\t\t<span class=\"elementor-button-text\">Discover its history<\/span>\n\t\t\t\t\t<\/span>\n\t\t\t\t\t<\/a>\n\t\t\t\t<\/div>\n\t\t\t\t\t\t\t\t<\/div>\n\t\t\t\t<\/div>\n\t\t\t\t<div class=\"elementor-element elementor-element-af232a7 elementor-widget elementor-widget-text-editor\" data-id=\"af232a7\" data-element_type=\"widget\" data-e-type=\"widget\" data-widget_type=\"text-editor.default\">\n\t\t\t\t<div class=\"elementor-widget-container\">\n\t\t\t\t\t\t\t\t\t<p class=\"p1\">Who will be the next?<\/p>\t\t\t\t\t\t\t\t<\/div>\n\t\t\t\t<\/div>\n\t\t\t\t\t<\/div>\n\t\t<\/div>\n\t\t\t\t<div class=\"elementor-column elementor-col-50 elementor-inner-column elementor-element elementor-element-73098b5\" data-id=\"73098b5\" data-element_type=\"column\" data-e-type=\"column\" data-settings=\"{&quot;background_background&quot;:&quot;classic&quot;}\">\n\t\t\t<div class=\"elementor-widget-wrap elementor-element-populated\">\n\t\t\t\t\t\t<div class=\"elementor-element elementor-element-d2e2fad elementor-widget elementor-widget-spacer\" data-id=\"d2e2fad\" data-element_type=\"widget\" data-e-type=\"widget\" data-widget_type=\"spacer.default\">\n\t\t\t\t<div class=\"elementor-widget-container\">\n\t\t\t\t\t\t\t<div class=\"elementor-spacer\">\n\t\t\t<div class=\"elementor-spacer-inner\"><\/div>\n\t\t<\/div>\n\t\t\t\t\t\t<\/div>\n\t\t\t\t<\/div>\n\t\t\t\t\t<\/div>\n\t\t<\/div>\n\t\t\t\t\t<\/div>\n\t\t<\/section>\n\t\t\t\t<div class=\"elementor-element elementor-element-637e5e7 elementor-widget elementor-widget-heading\" data-id=\"637e5e7\" data-element_type=\"widget\" data-e-type=\"widget\" data-widget_type=\"heading.default\">\n\t\t\t\t<div class=\"elementor-widget-container\">\n\t\t\t\t\t<h2 class=\"elementor-heading-title elementor-size-default\">Contact <\/h2>\t\t\t\t<\/div>\n\t\t\t\t<\/div>\n\t\t\t\t<div class=\"elementor-element elementor-element-39956c4 elementor-widget elementor-widget-text-editor\" data-id=\"39956c4\" data-element_type=\"widget\" data-e-type=\"widget\" data-widget_type=\"text-editor.default\">\n\t\t\t\t<div class=\"elementor-widget-container\">\n\t\t\t\t\t\t\t\t\t<p>Contact the Sheriff by e-mail by clicking on the button\u00a0<\/p>\t\t\t\t\t\t\t\t<\/div>\n\t\t\t\t<\/div>\n\t\t\t\t<div class=\"elementor-element elementor-element-bf35c3c elementor-align-center elementor-widget elementor-widget-button\" data-id=\"bf35c3c\" data-element_type=\"widget\" data-e-type=\"widget\" data-widget_type=\"button.default\">\n\t\t\t\t<div class=\"elementor-widget-container\">\n\t\t\t\t\t\t\t\t\t<div class=\"elementor-button-wrapper\">\n\t\t\t\t\t<a class=\"elementor-button elementor-button-link elementor-size-lg\" href=\"mailto:sherif_atd@yahoo.fr\">\n\t\t\t\t\t\t<span class=\"elementor-button-content-wrapper\">\n\t\t\t\t\t\t\t\t\t<span class=\"elementor-button-text\">Contact the Sheriff<\/span>\n\t\t\t\t\t<\/span>\n\t\t\t\t\t<\/a>\n\t\t\t\t<\/div>\n\t\t\t\t\t\t\t\t<\/div>\n\t\t\t\t<\/div>\n\t\t\t\t\t<\/div>\n\t\t<\/div>\n\t\t\t\t\t<\/div>\n\t\t<\/section>\n\t\t\t\t<\/div>","protected":false},"excerpt":{"rendered":"<p>ATD Les Yellow People YELLOW PEOPLE ? Mais qui est donc cet oiseau-l\u00e0\u00a0? Un \u00ab\u00a0yellow people\u00a0\u00bb (YP) est un b\u00e9n\u00e9vole qui participe au bon d\u00e9roulement de la course. Car sans b\u00e9n\u00e9vole, il ne se passe rien. Tu veux vivre la course de l\u2019int\u00e9rieur, porter fi\u00e8rement le tee-shirt jaune fluo du YP, alors contactes-nous et rejoins [&hellip;]<\/p>\n","protected":false},"author":1,"featured_media":0,"parent":426,"menu_order":0,"comment_status":"closed","ping_status":"closed","template":"","meta":{"ocean_post_layout":"full-screen","ocean_both_sidebars_style":"","ocean_both_sidebars_content_width":0,"ocean_both_sidebars_sidebars_width":0,"ocean_sidebar":"0","ocean_second_sidebar":"0","ocean_disable_margins":"on","ocean_add_body_class":"","ocean_shortcode_before_top_bar":"","ocean_shortcode_after_top_bar":"","ocean_shortcode_before_header":"","ocean_shortcode_after_header":"","ocean_has_shortcode":"","ocean_shortcode_after_title":"","ocean_shortcode_before_footer_widgets":"","ocean_shortcode_after_footer_widgets":"","ocean_shortcode_before_footer_bottom":"","ocean_shortcode_after_footer_bottom":"","ocean_display_top_bar":"default","ocean_display_header":"default","ocean_header_style":"","ocean_center_header_left_menu":"0","ocean_custom_header_template":"0","ocean_custom_logo":0,"ocean_custom_retina_logo":0,"ocean_custom_logo_max_width":0,"ocean_custom_logo_tablet_max_width":0,"ocean_custom_logo_mobile_max_width":0,"ocean_custom_logo_max_height":0,"ocean_custom_logo_tablet_max_height":0,"ocean_custom_logo_mobile_max_height":0,"ocean_header_custom_menu":"0","ocean_menu_typo_font_family":"0","ocean_menu_typo_font_subset":"","ocean_menu_typo_font_size":0,"ocean_menu_typo_font_size_tablet":0,"ocean_menu_typo_font_size_mobile":0,"ocean_menu_typo_font_size_unit":"px","ocean_menu_typo_font_weight":"","ocean_menu_typo_font_weight_tablet":"","ocean_menu_typo_font_weight_mobile":"","ocean_menu_typo_transform":"","ocean_menu_typo_transform_tablet":"","ocean_menu_typo_transform_mobile":"","ocean_menu_typo_line_height":0,"ocean_menu_typo_line_height_tablet":0,"ocean_menu_typo_line_height_mobile":0,"ocean_menu_typo_line_height_unit":"","ocean_menu_typo_spacing":0,"ocean_menu_typo_spacing_tablet":0,"ocean_menu_typo_spacing_mobile":0,"ocean_menu_typo_spacing_unit":"","ocean_menu_link_color":"","ocean_menu_link_color_hover":"","ocean_menu_link_color_active":"","ocean_menu_link_background":"","ocean_menu_link_hover_background":"","ocean_menu_link_active_background":"","ocean_menu_social_links_bg":"","ocean_menu_social_hover_links_bg":"","ocean_menu_social_links_color":"","ocean_menu_social_hover_links_color":"","ocean_disable_title":"on","ocean_disable_heading":"default","ocean_post_title":"","ocean_post_subheading":"Discover more about our story","ocean_post_title_style":"background-image","ocean_post_title_background_color":"","ocean_post_title_background":0,"ocean_post_title_bg_image_position":"","ocean_post_title_bg_image_attachment":"","ocean_post_title_bg_image_repeat":"","ocean_post_title_bg_image_size":"","ocean_post_title_height":0,"ocean_post_title_bg_overlay":0.5,"ocean_post_title_bg_overlay_color":"","ocean_disable_breadcrumbs":"default","ocean_breadcrumbs_color":"","ocean_breadcrumbs_separator_color":"","ocean_breadcrumbs_links_color":"","ocean_breadcrumbs_links_hover_color":"","ocean_display_footer_widgets":"default","ocean_display_footer_bottom":"default","ocean_custom_footer_template":"0","footnotes":""},"class_list":["post-1536","page","type-page","status-publish","hentry","entry"],"yoast_head":"<!-- This site is optimized with the Yoast SEO plugin v27.3 - https:\/\/yoast.com\/product\/yoast-seo-wordpress\/ -->\n<title>Les Yellow People - Association Troph\u00e9e Dragster<\/title>\n<meta name=\"robots\" content=\"index, follow, max-snippet:-1, max-image-preview:large, max-video-preview:-1\" \/>\n<link rel=\"canonical\" href=\"https:\/\/association-trophee-dragster.com\/en\/atd\/yellow-people\/\" \/>\n<meta property=\"og:locale\" content=\"en_US\" \/>\n<meta property=\"og:type\" content=\"article\" \/>\n<meta property=\"og:title\" content=\"Les Yellow People - Association Troph\u00e9e Dragster\" \/>\n<meta property=\"og:description\" content=\"ATD Les Yellow People YELLOW PEOPLE ? Mais qui est donc cet oiseau-l\u00e0\u00a0? Un \u00ab\u00a0yellow people\u00a0\u00bb (YP) est un b\u00e9n\u00e9vole qui participe au bon d\u00e9roulement de la course. Car sans b\u00e9n\u00e9vole, il ne se passe rien. Tu veux vivre la course de l\u2019int\u00e9rieur, porter fi\u00e8rement le tee-shirt jaune fluo du YP, alors contactes-nous et rejoins [&hellip;]\" \/>\n<meta property=\"og:url\" content=\"https:\/\/association-trophee-dragster.com\/en\/atd\/yellow-people\/\" \/>\n<meta property=\"og:site_name\" content=\"Association Troph\u00e9e Dragster\" \/>\n<meta property=\"article:modified_time\" content=\"2025-02-28T13:50:29+00:00\" \/>\n<meta property=\"og:image\" content=\"https:\/\/association-trophee-dragster.com\/wp-content\/uploads\/2025\/02\/yellow_people.jpeg\" \/>\n\t<meta property=\"og:image:width\" content=\"640\" \/>\n\t<meta property=\"og:image:height\" content=\"480\" \/>\n\t<meta property=\"og:image:type\" content=\"image\/jpeg\" \/>\n<meta name=\"twitter:card\" content=\"summary_large_image\" \/>\n<meta name=\"twitter:label1\" content=\"Est. reading time\" \/>\n\t<meta name=\"twitter:data1\" content=\"2 minutes\" \/>\n<script type=\"application\/ld+json\" class=\"yoast-schema-graph\">{\"@context\":\"https:\\\/\\\/schema.org\",\"@graph\":[{\"@type\":\"WebPage\",\"@id\":\"https:\\\/\\\/association-trophee-dragster.com\\\/atd\\\/yellow-people\\\/\",\"url\":\"https:\\\/\\\/association-trophee-dragster.com\\\/atd\\\/yellow-people\\\/\",\"name\":\"Les Yellow People - Association Troph\u00e9e Dragster\",\"isPartOf\":{\"@id\":\"https:\\\/\\\/association-trophee-dragster.com\\\/#website\"},\"primaryImageOfPage\":{\"@id\":\"https:\\\/\\\/association-trophee-dragster.com\\\/atd\\\/yellow-people\\\/#primaryimage\"},\"image\":{\"@id\":\"https:\\\/\\\/association-trophee-dragster.com\\\/atd\\\/yellow-people\\\/#primaryimage\"},\"thumbnailUrl\":\"https:\\\/\\\/association-trophee-dragster.com\\\/wp-content\\\/uploads\\\/2025\\\/02\\\/yellow_people.jpeg\",\"datePublished\":\"2021-04-14T22:24:19+00:00\",\"dateModified\":\"2025-02-28T13:50:29+00:00\",\"breadcrumb\":{\"@id\":\"https:\\\/\\\/association-trophee-dragster.com\\\/atd\\\/yellow-people\\\/#breadcrumb\"},\"inLanguage\":\"en-US\",\"potentialAction\":[{\"@type\":\"ReadAction\",\"target\":[\"https:\\\/\\\/association-trophee-dragster.com\\\/atd\\\/yellow-people\\\/\"]}]},{\"@type\":\"ImageObject\",\"inLanguage\":\"en-US\",\"@id\":\"https:\\\/\\\/association-trophee-dragster.com\\\/atd\\\/yellow-people\\\/#primaryimage\",\"url\":\"https:\\\/\\\/association-trophee-dragster.com\\\/wp-content\\\/uploads\\\/2025\\\/02\\\/yellow_people.jpeg\",\"contentUrl\":\"https:\\\/\\\/association-trophee-dragster.com\\\/wp-content\\\/uploads\\\/2025\\\/02\\\/yellow_people.jpeg\"},{\"@type\":\"BreadcrumbList\",\"@id\":\"https:\\\/\\\/association-trophee-dragster.com\\\/atd\\\/yellow-people\\\/#breadcrumb\",\"itemListElement\":[{\"@type\":\"ListItem\",\"position\":1,\"name\":\"Accueil\",\"item\":\"https:\\\/\\\/association-trophee-dragster.com\\\/\"},{\"@type\":\"ListItem\",\"position\":2,\"name\":\"ATD\",\"item\":\"https:\\\/\\\/association-trophee-dragster.com\\\/en\\\/atd\\\/\"},{\"@type\":\"ListItem\",\"position\":3,\"name\":\"Les Yellow People\"}]},{\"@type\":\"WebSite\",\"@id\":\"https:\\\/\\\/association-trophee-dragster.com\\\/#website\",\"url\":\"https:\\\/\\\/association-trophee-dragster.com\\\/\",\"name\":\"Association Troph\u00e9e Dragster\",\"description\":\"Un site utilisant WordPress\",\"publisher\":{\"@id\":\"https:\\\/\\\/association-trophee-dragster.com\\\/#organization\"},\"potentialAction\":[{\"@type\":\"SearchAction\",\"target\":{\"@type\":\"EntryPoint\",\"urlTemplate\":\"https:\\\/\\\/association-trophee-dragster.com\\\/?s={search_term_string}\"},\"query-input\":{\"@type\":\"PropertyValueSpecification\",\"valueRequired\":true,\"valueName\":\"search_term_string\"}}],\"inLanguage\":\"en-US\"},{\"@type\":\"Organization\",\"@id\":\"https:\\\/\\\/association-trophee-dragster.com\\\/#organization\",\"name\":\"Association Troph\u00e9e Dragster\",\"url\":\"https:\\\/\\\/association-trophee-dragster.com\\\/\",\"logo\":{\"@type\":\"ImageObject\",\"inLanguage\":\"en-US\",\"@id\":\"https:\\\/\\\/association-trophee-dragster.com\\\/#\\\/schema\\\/logo\\\/image\\\/\",\"url\":\"https:\\\/\\\/association-trophee-dragster.com\\\/wp-content\\\/uploads\\\/2021\\\/02\\\/Trophee-2021-blanc.png\",\"contentUrl\":\"https:\\\/\\\/association-trophee-dragster.com\\\/wp-content\\\/uploads\\\/2021\\\/02\\\/Trophee-2021-blanc.png\",\"width\":1774,\"height\":1230,\"caption\":\"Association Troph\u00e9e Dragster\"},\"image\":{\"@id\":\"https:\\\/\\\/association-trophee-dragster.com\\\/#\\\/schema\\\/logo\\\/image\\\/\"}}]}<\/script>\n<!-- \/ Yoast SEO plugin. -->","yoast_head_json":{"title":"Les Yellow People - Association Troph\u00e9e Dragster","robots":{"index":"index","follow":"follow","max-snippet":"max-snippet:-1","max-image-preview":"max-image-preview:large","max-video-preview":"max-video-preview:-1"},"canonical":"https:\/\/association-trophee-dragster.com\/en\/atd\/yellow-people\/","og_locale":"en_US","og_type":"article","og_title":"Les Yellow People - Association Troph\u00e9e Dragster","og_description":"ATD Les Yellow People YELLOW PEOPLE ? Mais qui est donc cet oiseau-l\u00e0\u00a0? Un \u00ab\u00a0yellow people\u00a0\u00bb (YP) est un b\u00e9n\u00e9vole qui participe au bon d\u00e9roulement de la course. Car sans b\u00e9n\u00e9vole, il ne se passe rien. Tu veux vivre la course de l\u2019int\u00e9rieur, porter fi\u00e8rement le tee-shirt jaune fluo du YP, alors contactes-nous et rejoins [&hellip;]","og_url":"https:\/\/association-trophee-dragster.com\/en\/atd\/yellow-people\/","og_site_name":"Association Troph\u00e9e Dragster","article_modified_time":"2025-02-28T13:50:29+00:00","og_image":[{"width":640,"height":480,"url":"https:\/\/association-trophee-dragster.com\/wp-content\/uploads\/2025\/02\/yellow_people.jpeg","type":"image\/jpeg"}],"twitter_card":"summary_large_image","twitter_misc":{"Est. reading time":"2 minutes"},"schema":{"@context":"https:\/\/schema.org","@graph":[{"@type":"WebPage","@id":"https:\/\/association-trophee-dragster.com\/atd\/yellow-people\/","url":"https:\/\/association-trophee-dragster.com\/atd\/yellow-people\/","name":"Les Yellow People - Association Troph\u00e9e Dragster","isPartOf":{"@id":"https:\/\/association-trophee-dragster.com\/#website"},"primaryImageOfPage":{"@id":"https:\/\/association-trophee-dragster.com\/atd\/yellow-people\/#primaryimage"},"image":{"@id":"https:\/\/association-trophee-dragster.com\/atd\/yellow-people\/#primaryimage"},"thumbnailUrl":"https:\/\/association-trophee-dragster.com\/wp-content\/uploads\/2025\/02\/yellow_people.jpeg","datePublished":"2021-04-14T22:24:19+00:00","dateModified":"2025-02-28T13:50:29+00:00","breadcrumb":{"@id":"https:\/\/association-trophee-dragster.com\/atd\/yellow-people\/#breadcrumb"},"inLanguage":"en-US","potentialAction":[{"@type":"ReadAction","target":["https:\/\/association-trophee-dragster.com\/atd\/yellow-people\/"]}]},{"@type":"ImageObject","inLanguage":"en-US","@id":"https:\/\/association-trophee-dragster.com\/atd\/yellow-people\/#primaryimage","url":"https:\/\/association-trophee-dragster.com\/wp-content\/uploads\/2025\/02\/yellow_people.jpeg","contentUrl":"https:\/\/association-trophee-dragster.com\/wp-content\/uploads\/2025\/02\/yellow_people.jpeg"},{"@type":"BreadcrumbList","@id":"https:\/\/association-trophee-dragster.com\/atd\/yellow-people\/#breadcrumb","itemListElement":[{"@type":"ListItem","position":1,"name":"Accueil","item":"https:\/\/association-trophee-dragster.com\/"},{"@type":"ListItem","position":2,"name":"ATD","item":"https:\/\/association-trophee-dragster.com\/en\/atd\/"},{"@type":"ListItem","position":3,"name":"Les Yellow People"}]},{"@type":"WebSite","@id":"https:\/\/association-trophee-dragster.com\/#website","url":"https:\/\/association-trophee-dragster.com\/","name":"Dragster Trophy Association","description":"Un site utilisant WordPress","publisher":{"@id":"https:\/\/association-trophee-dragster.com\/#organization"},"potentialAction":[{"@type":"SearchAction","target":{"@type":"EntryPoint","urlTemplate":"https:\/\/association-trophee-dragster.com\/?s={search_term_string}"},"query-input":{"@type":"PropertyValueSpecification","valueRequired":true,"valueName":"search_term_string"}}],"inLanguage":"en-US"},{"@type":"Organization","@id":"https:\/\/association-trophee-dragster.com\/#organization","name":"Dragster Trophy Association","url":"https:\/\/association-trophee-dragster.com\/","logo":{"@type":"ImageObject","inLanguage":"en-US","@id":"https:\/\/association-trophee-dragster.com\/#\/schema\/logo\/image\/","url":"https:\/\/association-trophee-dragster.com\/wp-content\/uploads\/2021\/02\/Trophee-2021-blanc.png","contentUrl":"https:\/\/association-trophee-dragster.com\/wp-content\/uploads\/2021\/02\/Trophee-2021-blanc.png","width":1774,"height":1230,"caption":"Association Troph\u00e9e Dragster"},"image":{"@id":"https:\/\/association-trophee-dragster.com\/#\/schema\/logo\/image\/"}}]}},"_links":{"self":[{"href":"https:\/\/association-trophee-dragster.com\/en\/wp-json\/wp\/v2\/pages\/1536","targetHints":{"allow":["GET"]}}],"collection":[{"href":"https:\/\/association-trophee-dragster.com\/en\/wp-json\/wp\/v2\/pages"}],"about":[{"href":"https:\/\/association-trophee-dragster.com\/en\/wp-json\/wp\/v2\/types\/page"}],"author":[{"embeddable":true,"href":"https:\/\/association-trophee-dragster.com\/en\/wp-json\/wp\/v2\/users\/1"}],"replies":[{"embeddable":true,"href":"https:\/\/association-trophee-dragster.com\/en\/wp-json\/wp\/v2\/comments?post=1536"}],"version-history":[{"count":8,"href":"https:\/\/association-trophee-dragster.com\/en\/wp-json\/wp\/v2\/pages\/1536\/revisions"}],"predecessor-version":[{"id":4465,"href":"https:\/\/association-trophee-dragster.com\/en\/wp-json\/wp\/v2\/pages\/1536\/revisions\/4465"}],"up":[{"embeddable":true,"href":"https:\/\/association-trophee-dragster.com\/en\/wp-json\/wp\/v2\/pages\/426"}],"wp:attachment":[{"href":"https:\/\/association-trophee-dragster.com\/en\/wp-json\/wp\/v2\/media?parent=1536"}],"curies":[{"name":"wp","href":"https:\/\/api.w.org\/{rel}","templated":true}]}}